{"id":5985,"date":"2022-01-20T16:40:28","date_gmt":"2022-01-20T13:40:28","guid":{"rendered":"https:\/\/novafertil.com?page_id=5985"},"modified":"2022-09-28T17:46:31","modified_gmt":"2022-09-28T14:46:31","slug":"unbub-fidyu-tifl-maerid","status":"publish","type":"page","link":"https:\/\/novafertil.com\/ar\/unbub-fidyu-tifl-maerid\/","title":{"rendered":"\u0645\u0639\u0631\u0636 \u0641\u064a\u062f\u064a\u0648 \u0623\u0637\u0641\u0627\u0644 \u0627\u0644\u0623\u0646\u0627\u0628\u064a\u0628"},"content":{"rendered":"\t\t<div data-elementor-type=\"wp-page\" data-elementor-id=\"5985\" class=\"elementor elementor-5985\">\n\t\t\t\t\t\t\t\t\t<section class=\"elementor-section elementor-top-section elementor-element elementor-element-74ecbe7 elementor-section-boxed elementor-section-height-default elementor-section-height-default\" data-id=\"74ecbe7\" data-element_type=\"section\">\n\t\t\t\t\t\t<div class=\"elementor-container elementor-column-gap-default\">\n\t\t\t\t\t<div class=\"elementor-column elementor-col-33 elementor-top-column elementor-element elementor-element-c8cc405\" data-id=\"c8cc405\" data-element_type=\"column\">\n\t\t\t<div class=\"elementor-widget-wrap elementor-element-populated\">\n\t\t\t\t\t\t\t\t<section class=\"elementor-section elementor-inner-section elementor-element elementor-element-7473ced elementor-section-boxed elementor-section-height-default elementor-section-height-default\" data-id=\"7473ced\" data-element_type=\"section\" data-settings=\"{&quot;background_background&quot;:&quot;classic&quot;}\">\n\t\t\t\t\t\t<div class=\"elementor-container elementor-column-gap-no\">\n\t\t\t\t\t<div class=\"make-column-clickable-elementor elementor-column elementor-col-100 elementor-inner-column elementor-element elementor-element-f70437d\" style=\"cursor: pointer;\" data-column-clickable=\"\/op-dr-fuat-ali-tup-bebek-yontemi-kimlere-uygulanir\/\" data-column-clickable-blank=\"_self\" data-id=\"f70437d\" data-element_type=\"column\">\n\t\t\t<div class=\"elementor-widget-wrap elementor-element-populated\">\n\t\t\t\t\t\t\t\t<div class=\"elementor-element elementor-element-132f5b2 elementor-widget elementor-widget-image\" data-id=\"132f5b2\" data-element_type=\"widget\" data-widget_type=\"image.default\">\n\t\t\t\t<div class=\"elementor-widget-container\">\n\t\t\t<style>\/*! elementor - v3.10.0 - 09-01-2023 *\/\n.elementor-widget-image{text-align:center}.elementor-widget-image a{display:inline-block}.elementor-widget-image a img[src$=\".svg\"]{width:48px}.elementor-widget-image img{vertical-align:middle;display:inline-block}<\/style>\t\t\t\t\t\t\t\t\t\t\t\t\t<a href=\"\/op-dr-fuat-ali-tup-bebek-yontemi-kimlere-uygulanir\/\">\n\t\t\t\t\t\t\t<img loading=\"lazy\" decoding=\"async\" width=\"498\" height=\"280\" src=\"https:\/\/novafertil.com\/ar\/wp-content\/uploads\/sites\/3\/2021\/08\/Hizmetlerimiz.jpg\" class=\"attachment-large size-large wp-image-5926\" alt=\"Op. Dr. Fuat Ali\" srcset=\"https:\/\/novafertil.com\/ar\/wp-content\/uploads\/sites\/3\/2021\/08\/Hizmetlerimiz.jpg 498w, https:\/\/novafertil.com\/ar\/wp-content\/uploads\/sites\/3\/2021\/08\/Hizmetlerimiz-300x169.jpg 300w\" sizes=\"(max-width: 498px) 100vw, 498px\" \/>\t\t\t\t\t\t\t\t<\/a>\n\t\t\t\t\t\t\t\t\t\t\t\t\t\t\t<\/div>\n\t\t\t\t<\/div>\n\t\t\t\t<div class=\"elementor-element elementor-element-d6c2977 elementor-widget elementor-widget-heading\" data-id=\"d6c2977\" data-element_type=\"widget\" data-widget_type=\"heading.default\">\n\t\t\t\t<div class=\"elementor-widget-container\">\n\t\t\t<style>\/*! elementor - v3.10.0 - 09-01-2023 *\/\n.elementor-heading-title{padding:0;margin:0;line-height:1}.elementor-widget-heading .elementor-heading-title[class*=elementor-size-]>a{color:inherit;font-size:inherit;line-height:inherit}.elementor-widget-heading .elementor-heading-title.elementor-size-small{font-size:15px}.elementor-widget-heading .elementor-heading-title.elementor-size-medium{font-size:19px}.elementor-widget-heading .elementor-heading-title.elementor-size-large{font-size:29px}.elementor-widget-heading .elementor-heading-title.elementor-size-xl{font-size:39px}.elementor-widget-heading .elementor-heading-title.elementor-size-xxl{font-size:59px}<\/style><h2 class=\"elementor-heading-title elementor-size-default\">\u064a\u062a\u0645 \u062a\u0637\u0628\u064a\u0642 \u0637\u0631\u064a\u0642\u0629 \u0627\u0644\u062f\u0643\u062a\u0648\u0631 \u0641\u0624\u0627\u062f \u0639\u0644\u064a \u0644\u0644\u062a\u0644\u0642\u064a\u062d \u0627\u0644\u0627\u0635\u0637\u0646\u0627\u0639\u064a \u0639\u0644\u0649 \u0645\u0646\u0638\u0645\u0629 \u0627\u0644\u0635\u062d\u0629 \u0627\u0644\u0639\u0627\u0644\u0645\u064a\u0629<\/h2>\t\t<\/div>\n\t\t\t\t<\/div>\n\t\t\t\t<div class=\"elementor-element elementor-element-6a8de5d elementor-widget elementor-widget-button\" data-id=\"6a8de5d\" data-element_type=\"widget\" data-widget_type=\"button.default\">\n\t\t\t\t<div class=\"elementor-widget-container\">\n\t\t\t\t\t<div class=\"elementor-button-wrapper\">\n\t\t\t<a href=\"\/op-dr-fuat-ali-tup-bebek-yontemi-kimlere-uygulanir\/\" class=\"elementor-button-link elementor-button elementor-size-sm\" role=\"button\">\n\t\t\t\t\t\t<span class=\"elementor-button-content-wrapper\">\n\t\t\t\t\t\t\t<span class=\"elementor-button-icon elementor-align-icon-right\">\n\t\t\t\t<i aria-hidden=\"true\" class=\"fas fa-arrow-right\"><\/i>\t\t\t<\/span>\n\t\t\t\t\t\t<span class=\"elementor-button-text\">\u0627\u0642\u0631\u0623 \u0627\u0644\u0645\u0632\u064a\u062f<\/span>\n\t\t<\/span>\n\t\t\t\t\t<\/a>\n\t\t<\/div>\n\t\t\t\t<\/div>\n\t\t\t\t<\/div>\n\t\t\t\t\t<\/div>\n\t\t<\/div>\n\t\t\t\t\t\t\t<\/div>\n\t\t<\/section>\n\t\t\t\t\t<\/div>\n\t\t<\/div>\n\t\t\t\t<div class=\"elementor-column elementor-col-33 elementor-top-column elementor-element elementor-element-e7dd1eb\" data-id=\"e7dd1eb\" data-element_type=\"column\">\n\t\t\t<div class=\"elementor-widget-wrap elementor-element-populated\">\n\t\t\t\t\t\t\t\t<section class=\"elementor-section elementor-inner-section elementor-element elementor-element-6d99aca elementor-section-boxed elementor-section-height-default elementor-section-height-default\" data-id=\"6d99aca\" data-element_type=\"section\" data-settings=\"{&quot;background_background&quot;:&quot;classic&quot;}\">\n\t\t\t\t\t\t<div class=\"elementor-container elementor-column-gap-no\">\n\t\t\t\t\t<div class=\"make-column-clickable-elementor elementor-column elementor-col-100 elementor-inner-column elementor-element elementor-element-6c4f3ba\" style=\"cursor: pointer;\" data-column-clickable=\"\/hic-spermi-olmayan-baba-olabilirmi\/\" data-column-clickable-blank=\"_self\" data-id=\"6c4f3ba\" data-element_type=\"column\">\n\t\t\t<div class=\"elementor-widget-wrap elementor-element-populated\">\n\t\t\t\t\t\t\t\t<div class=\"elementor-element elementor-element-43afb28 elementor-widget elementor-widget-image\" data-id=\"43afb28\" data-element_type=\"widget\" data-widget_type=\"image.default\">\n\t\t\t\t<div class=\"elementor-widget-container\">\n\t\t\t\t\t\t\t\t\t\t\t\t\t\t\t\t<a href=\"\/hic-spermi-olmayan-baba-olabilirmi\/\">\n\t\t\t\t\t\t\t<img loading=\"lazy\" decoding=\"async\" width=\"498\" height=\"280\" src=\"https:\/\/novafertil.com\/ar\/wp-content\/uploads\/sites\/3\/2021\/08\/Kisirlik-Nedenleri.jpg\" class=\"attachment-large size-large wp-image-5927\" alt=\"Ahmet \u015ealvarc\u0131 T\u00fcp Bebek\" srcset=\"https:\/\/novafertil.com\/ar\/wp-content\/uploads\/sites\/3\/2021\/08\/Kisirlik-Nedenleri.jpg 498w, https:\/\/novafertil.com\/ar\/wp-content\/uploads\/sites\/3\/2021\/08\/Kisirlik-Nedenleri-300x169.jpg 300w\" sizes=\"(max-width: 498px) 100vw, 498px\" \/>\t\t\t\t\t\t\t\t<\/a>\n\t\t\t\t\t\t\t\t\t\t\t\t\t\t\t<\/div>\n\t\t\t\t<\/div>\n\t\t\t\t<div class=\"elementor-element elementor-element-207c49b elementor-widget elementor-widget-heading\" data-id=\"207c49b\" data-element_type=\"widget\" data-widget_type=\"heading.default\">\n\t\t\t\t<div class=\"elementor-widget-container\">\n\t\t\t<h2 class=\"elementor-heading-title elementor-size-default\">\u064a\u0645\u0643\u0646 \u0623\u0646 \u064a\u0643\u0648\u0646 \u0627\u0644\u0623\u0628 \u0627\u0644\u0630\u064a \u0644\u0627 \u064a\u0648\u062c\u062f \u0644\u062f\u064a\u0647 \u0627\u0644\u062d\u064a\u0648\u0627\u0646\u0627\u062a \u0627\u0644\u0645\u0646\u0648\u064a\u0629 \u0639\u0644\u0649 \u0627\u0644\u0625\u0637\u0644\u0627\u0642 ?<\/h2>\t\t<\/div>\n\t\t\t\t<\/div>\n\t\t\t\t<div class=\"elementor-element elementor-element-059640d elementor-widget elementor-widget-button\" data-id=\"059640d\" data-element_type=\"widget\" data-widget_type=\"button.default\">\n\t\t\t\t<div class=\"elementor-widget-container\">\n\t\t\t\t\t<div class=\"elementor-button-wrapper\">\n\t\t\t<a href=\"\/hic-spermi-olmayan-baba-olabilirmi\/\" class=\"elementor-button-link elementor-button elementor-size-sm\" role=\"button\">\n\t\t\t\t\t\t<span class=\"elementor-button-content-wrapper\">\n\t\t\t\t\t\t\t<span class=\"elementor-button-icon elementor-align-icon-right\">\n\t\t\t\t<i aria-hidden=\"true\" class=\"fas fa-arrow-right\"><\/i>\t\t\t<\/span>\n\t\t\t\t\t\t<span class=\"elementor-button-text\">\u0627\u0642\u0631\u0623 \u0627\u0644\u0645\u0632\u064a\u062f<\/span>\n\t\t<\/span>\n\t\t\t\t\t<\/a>\n\t\t<\/div>\n\t\t\t\t<\/div>\n\t\t\t\t<\/div>\n\t\t\t\t\t<\/div>\n\t\t<\/div>\n\t\t\t\t\t\t\t<\/div>\n\t\t<\/section>\n\t\t\t\t\t<\/div>\n\t\t<\/div>\n\t\t\t\t<div class=\"elementor-column elementor-col-33 elementor-top-column elementor-element elementor-element-705ef2b\" data-id=\"705ef2b\" data-element_type=\"column\">\n\t\t\t<div class=\"elementor-widget-wrap elementor-element-populated\">\n\t\t\t\t\t\t\t\t<section class=\"elementor-section elementor-inner-section elementor-element elementor-element-6aabbfd elementor-section-boxed elementor-section-height-default elementor-section-height-default\" data-id=\"6aabbfd\" data-element_type=\"section\" data-settings=\"{&quot;background_background&quot;:&quot;classic&quot;}\">\n\t\t\t\t\t\t<div class=\"elementor-container elementor-column-gap-no\">\n\t\t\t\t\t<div class=\"make-column-clickable-elementor elementor-column elementor-col-100 elementor-inner-column elementor-element elementor-element-5f596a2\" style=\"cursor: pointer;\" data-column-clickable=\"\/tup-bebek-nedir\/\" data-column-clickable-blank=\"_self\" data-id=\"5f596a2\" data-element_type=\"column\">\n\t\t\t<div class=\"elementor-widget-wrap elementor-element-populated\">\n\t\t\t\t\t\t\t\t<div class=\"elementor-element elementor-element-bb12a31 elementor-widget elementor-widget-image\" data-id=\"bb12a31\" data-element_type=\"widget\" data-widget_type=\"image.default\">\n\t\t\t\t<div class=\"elementor-widget-container\">\n\t\t\t\t\t\t\t\t\t\t\t\t\t\t\t\t<a href=\"\/tup-bebek-nedir\/\">\n\t\t\t\t\t\t\t<img loading=\"lazy\" decoding=\"async\" width=\"498\" height=\"280\" src=\"https:\/\/novafertil.com\/ar\/wp-content\/uploads\/sites\/3\/2021\/08\/Tedaviler.jpg\" class=\"attachment-large size-large wp-image-5928\" alt=\"Op. Dr. Ali Sami G\u00fcrb\u00fcz\" srcset=\"https:\/\/novafertil.com\/ar\/wp-content\/uploads\/sites\/3\/2021\/08\/Tedaviler.jpg 498w, https:\/\/novafertil.com\/ar\/wp-content\/uploads\/sites\/3\/2021\/08\/Tedaviler-300x169.jpg 300w\" sizes=\"(max-width: 498px) 100vw, 498px\" \/>\t\t\t\t\t\t\t\t<\/a>\n\t\t\t\t\t\t\t\t\t\t\t\t\t\t\t<\/div>\n\t\t\t\t<\/div>\n\t\t\t\t<div class=\"elementor-element elementor-element-06d2127 elementor-widget elementor-widget-heading\" data-id=\"06d2127\" data-element_type=\"widget\" data-widget_type=\"heading.default\">\n\t\t\t\t<div class=\"elementor-widget-container\">\n\t\t\t<h2 class=\"elementor-heading-title elementor-size-default\">\u0627\u0644\u062a\u0644\u0642\u064a\u062d \u0627\u0644\u0627\u0635\u0637\u0646\u0627\u0639\u064a<\/h2>\t\t<\/div>\n\t\t\t\t<\/div>\n\t\t\t\t<div class=\"elementor-element elementor-element-267a3a9 elementor-widget elementor-widget-button\" data-id=\"267a3a9\" data-element_type=\"widget\" data-widget_type=\"button.default\">\n\t\t\t\t<div class=\"elementor-widget-container\">\n\t\t\t\t\t<div class=\"elementor-button-wrapper\">\n\t\t\t<a href=\"\/tup-bebek-nedir\/\" class=\"elementor-button-link elementor-button elementor-size-sm\" role=\"button\">\n\t\t\t\t\t\t<span class=\"elementor-button-content-wrapper\">\n\t\t\t\t\t\t\t<span class=\"elementor-button-icon elementor-align-icon-right\">\n\t\t\t\t<i aria-hidden=\"true\" class=\"fas fa-arrow-right\"><\/i>\t\t\t<\/span>\n\t\t\t\t\t\t<span class=\"elementor-button-text\">\u0627\u0642\u0631\u0623 \u0627\u0644\u0645\u0632\u064a\u062f<\/span>\n\t\t<\/span>\n\t\t\t\t\t<\/a>\n\t\t<\/div>\n\t\t\t\t<\/div>\n\t\t\t\t<\/div>\n\t\t\t\t\t<\/div>\n\t\t<\/div>\n\t\t\t\t\t\t\t<\/div>\n\t\t<\/section>\n\t\t\t\t\t<\/div>\n\t\t<\/div>\n\t\t\t\t\t\t\t<\/div>\n\t\t<\/section>\n\t\t\t\t<section class=\"elementor-section elementor-top-section elementor-element elementor-element-d1d7560 elementor-section-boxed elementor-section-height-default elementor-section-height-default\" data-id=\"d1d7560\" data-element_type=\"section\">\n\t\t\t\t\t\t<div class=\"elementor-container elementor-column-gap-default\">\n\t\t\t\t\t<div class=\"elementor-column elementor-col-33 elementor-top-column elementor-element elementor-element-a0d6f4a\" data-id=\"a0d6f4a\" data-element_type=\"column\">\n\t\t\t<div class=\"elementor-widget-wrap elementor-element-populated\">\n\t\t\t\t\t\t\t\t<section class=\"elementor-section elementor-inner-section elementor-element elementor-element-7bb0f81 elementor-section-boxed elementor-section-height-default elementor-section-height-default\" data-id=\"7bb0f81\" data-element_type=\"section\" data-settings=\"{&quot;background_background&quot;:&quot;classic&quot;}\">\n\t\t\t\t\t\t<div class=\"elementor-container elementor-column-gap-no\">\n\t\t\t\t\t<div class=\"make-column-clickable-elementor elementor-column elementor-col-100 elementor-inner-column elementor-element elementor-element-e17db07\" style=\"cursor: pointer;\" data-column-clickable=\"\/evlat-hasreti-15-yil-sonra-dindi-havva-yalcin-konyada-yilin-annesi-secildi\/\" data-column-clickable-blank=\"_self\" data-id=\"e17db07\" data-element_type=\"column\">\n\t\t\t<div class=\"elementor-widget-wrap elementor-element-populated\">\n\t\t\t\t\t\t\t\t<div class=\"elementor-element elementor-element-48940fa elementor-widget elementor-widget-image\" data-id=\"48940fa\" data-element_type=\"widget\" data-widget_type=\"image.default\">\n\t\t\t\t<div class=\"elementor-widget-container\">\n\t\t\t\t\t\t\t\t\t\t\t\t\t\t\t\t<a href=\"\/evlat-hasreti-15-yil-sonra-dindi-havva-yalcin-konyada-yilin-annesi-secildi\/\">\n\t\t\t\t\t\t\t<img loading=\"lazy\" decoding=\"async\" width=\"500\" height=\"280\" src=\"https:\/\/novafertil.com\/ar\/wp-content\/uploads\/sites\/3\/2022\/01\/Evlat-Hasreti-15-Yil-Sonra-Dindi-Havva-YALCIN-Konyada-Yilin-Annesi-Secildi.jpg\" class=\"attachment-large size-large wp-image-5950\" alt=\"Havva Yal\u00e7\u0131n Y\u0131l\u0131n Annesi Se\u00e7ildi\" srcset=\"https:\/\/novafertil.com\/ar\/wp-content\/uploads\/sites\/3\/2022\/01\/Evlat-Hasreti-15-Yil-Sonra-Dindi-Havva-YALCIN-Konyada-Yilin-Annesi-Secildi.jpg 500w, https:\/\/novafertil.com\/ar\/wp-content\/uploads\/sites\/3\/2022\/01\/Evlat-Hasreti-15-Yil-Sonra-Dindi-Havva-YALCIN-Konyada-Yilin-Annesi-Secildi-300x168.jpg 300w\" sizes=\"(max-width: 500px) 100vw, 500px\" \/>\t\t\t\t\t\t\t\t<\/a>\n\t\t\t\t\t\t\t\t\t\t\t\t\t\t\t<\/div>\n\t\t\t\t<\/div>\n\t\t\t\t<div class=\"elementor-element elementor-element-1a05095 elementor-widget elementor-widget-heading\" data-id=\"1a05095\" data-element_type=\"widget\" data-widget_type=\"heading.default\">\n\t\t\t\t<div class=\"elementor-widget-container\">\n\t\t\t<h2 class=\"elementor-heading-title elementor-size-default\">\u0628\u0639\u062f 15 \u0639\u0627\u0645\u0627 \u0645\u0646 \u0627\u0644\u062d\u0646\u064a\u0646 \u0625\u0644\u0649 \u0627\u0644\u0648\u0637\u0646 \u060c \u062a\u0645 \u0627\u062e\u062a\u064a\u0627\u0631 \u062d\u0648\u0627\u0621 \u064a\u0627\u0644 \u0625\u0631\u0641\u064a\u0646 \u0643\u0623\u0645 \u0627\u0644\u0639\u0627\u0645 \u0641\u064a \u0642\u0648\u0646\u064a\u0629<\/h2>\t\t<\/div>\n\t\t\t\t<\/div>\n\t\t\t\t<div class=\"elementor-element elementor-element-84570a3 elementor-widget elementor-widget-button\" data-id=\"84570a3\" data-element_type=\"widget\" data-widget_type=\"button.default\">\n\t\t\t\t<div class=\"elementor-widget-container\">\n\t\t\t\t\t<div class=\"elementor-button-wrapper\">\n\t\t\t<a href=\"\/evlat-hasreti-15-yil-sonra-dindi-havva-yalcin-konyada-yilin-annesi-secildi\/\" class=\"elementor-button-link elementor-button elementor-size-sm\" role=\"button\">\n\t\t\t\t\t\t<span class=\"elementor-button-content-wrapper\">\n\t\t\t\t\t\t\t<span class=\"elementor-button-icon elementor-align-icon-right\">\n\t\t\t\t<i aria-hidden=\"true\" class=\"fas fa-arrow-right\"><\/i>\t\t\t<\/span>\n\t\t\t\t\t\t<span class=\"elementor-button-text\">\u0627\u0642\u0631\u0623 \u0627\u0644\u0645\u0632\u064a\u062f<\/span>\n\t\t<\/span>\n\t\t\t\t\t<\/a>\n\t\t<\/div>\n\t\t\t\t<\/div>\n\t\t\t\t<\/div>\n\t\t\t\t\t<\/div>\n\t\t<\/div>\n\t\t\t\t\t\t\t<\/div>\n\t\t<\/section>\n\t\t\t\t\t<\/div>\n\t\t<\/div>\n\t\t\t\t<div class=\"elementor-column elementor-col-33 elementor-top-column elementor-element elementor-element-fc8139f\" data-id=\"fc8139f\" data-element_type=\"column\">\n\t\t\t<div class=\"elementor-widget-wrap elementor-element-populated\">\n\t\t\t\t\t\t\t\t<section class=\"elementor-section elementor-inner-section elementor-element elementor-element-ceb9316 elementor-section-boxed elementor-section-height-default elementor-section-height-default\" data-id=\"ceb9316\" data-element_type=\"section\" data-settings=\"{&quot;background_background&quot;:&quot;classic&quot;}\">\n\t\t\t\t\t\t<div class=\"elementor-container elementor-column-gap-no\">\n\t\t\t\t\t<div class=\"make-column-clickable-elementor elementor-column elementor-col-100 elementor-inner-column elementor-element elementor-element-5bdf44d\" style=\"cursor: pointer;\" data-column-clickable=\"\/novafertil-genetik-tup-bebek-haberi\/\" data-column-clickable-blank=\"_self\" data-id=\"5bdf44d\" data-element_type=\"column\">\n\t\t\t<div class=\"elementor-widget-wrap elementor-element-populated\">\n\t\t\t\t\t\t\t\t<div class=\"elementor-element elementor-element-c1f1faa elementor-widget elementor-widget-image\" data-id=\"c1f1faa\" data-element_type=\"widget\" data-widget_type=\"image.default\">\n\t\t\t\t<div class=\"elementor-widget-container\">\n\t\t\t\t\t\t\t\t\t\t\t\t\t\t\t\t<a href=\"\/novafertil-genetik-tup-bebek-haberi\/\">\n\t\t\t\t\t\t\t<img loading=\"lazy\" decoding=\"async\" width=\"500\" height=\"280\" src=\"https:\/\/novafertil.com\/ar\/wp-content\/uploads\/sites\/3\/2022\/01\/Novafertil-Genetik-Tupbebek-Haberi.jpg\" class=\"attachment-large size-large wp-image-5951\" alt=\"Genetik T\u00fcp Bebek Haberi\" srcset=\"https:\/\/novafertil.com\/ar\/wp-content\/uploads\/sites\/3\/2022\/01\/Novafertil-Genetik-Tupbebek-Haberi.jpg 500w, https:\/\/novafertil.com\/ar\/wp-content\/uploads\/sites\/3\/2022\/01\/Novafertil-Genetik-Tupbebek-Haberi-300x168.jpg 300w\" sizes=\"(max-width: 500px) 100vw, 500px\" \/>\t\t\t\t\t\t\t\t<\/a>\n\t\t\t\t\t\t\t\t\t\t\t\t\t\t\t<\/div>\n\t\t\t\t<\/div>\n\t\t\t\t<div class=\"elementor-element elementor-element-d67918b elementor-widget elementor-widget-heading\" data-id=\"d67918b\" data-element_type=\"widget\" data-widget_type=\"heading.default\">\n\t\t\t\t<div class=\"elementor-widget-container\">\n\t\t\t<h2 class=\"elementor-heading-title elementor-size-default\">\u0623\u062e\u0628\u0627\u0631 \u0627\u0644\u062a\u0644\u0642\u064a\u062d \u0627\u0644\u0627\u0635\u0637\u0646\u0627\u0639\u064a \u0627\u0644\u062c\u064a\u0646\u064a \u0646\u0648\u0641\u0627\u0641\u064a\u0631\u062a\u064a\u0644<\/h2>\t\t<\/div>\n\t\t\t\t<\/div>\n\t\t\t\t<div class=\"elementor-element elementor-element-6e6342d elementor-widget elementor-widget-button\" data-id=\"6e6342d\" data-element_type=\"widget\" data-widget_type=\"button.default\">\n\t\t\t\t<div class=\"elementor-widget-container\">\n\t\t\t\t\t<div class=\"elementor-button-wrapper\">\n\t\t\t<a href=\"\/novafertil-genetik-tup-bebek-haberi\/\" class=\"elementor-button-link elementor-button elementor-size-sm\" role=\"button\">\n\t\t\t\t\t\t<span class=\"elementor-button-content-wrapper\">\n\t\t\t\t\t\t\t<span class=\"elementor-button-icon elementor-align-icon-right\">\n\t\t\t\t<i aria-hidden=\"true\" class=\"fas fa-arrow-right\"><\/i>\t\t\t<\/span>\n\t\t\t\t\t\t<span class=\"elementor-button-text\">\u0627\u0642\u0631\u0623 \u0627\u0644\u0645\u0632\u064a\u062f<\/span>\n\t\t<\/span>\n\t\t\t\t\t<\/a>\n\t\t<\/div>\n\t\t\t\t<\/div>\n\t\t\t\t<\/div>\n\t\t\t\t\t<\/div>\n\t\t<\/div>\n\t\t\t\t\t\t\t<\/div>\n\t\t<\/section>\n\t\t\t\t\t<\/div>\n\t\t<\/div>\n\t\t\t\t<div class=\"elementor-column elementor-col-33 elementor-top-column elementor-element elementor-element-ea3270a\" data-id=\"ea3270a\" data-element_type=\"column\">\n\t\t\t<div class=\"elementor-widget-wrap elementor-element-populated\">\n\t\t\t\t\t\t\t\t<section class=\"elementor-section elementor-inner-section elementor-element elementor-element-f0f9d0e elementor-section-boxed elementor-section-height-default elementor-section-height-default\" data-id=\"f0f9d0e\" data-element_type=\"section\" data-settings=\"{&quot;background_background&quot;:&quot;classic&quot;}\">\n\t\t\t\t\t\t<div class=\"elementor-container elementor-column-gap-no\">\n\t\t\t\t\t<div class=\"make-column-clickable-elementor elementor-column elementor-col-100 elementor-inner-column elementor-element elementor-element-3ffa724\" style=\"cursor: pointer;\" data-column-clickable=\"\/novafertil-konya-tup-bebek-merkezi-bebek-senligi\/\" data-column-clickable-blank=\"_self\" data-id=\"3ffa724\" data-element_type=\"column\">\n\t\t\t<div class=\"elementor-widget-wrap elementor-element-populated\">\n\t\t\t\t\t\t\t\t<div class=\"elementor-element elementor-element-37933ff elementor-widget elementor-widget-image\" data-id=\"37933ff\" data-element_type=\"widget\" data-widget_type=\"image.default\">\n\t\t\t\t<div class=\"elementor-widget-container\">\n\t\t\t\t\t\t\t\t\t\t\t\t\t\t\t\t<a href=\"\/novafertil-konya-tup-bebek-merkezi-bebek-senligi\/\">\n\t\t\t\t\t\t\t<img loading=\"lazy\" decoding=\"async\" width=\"500\" height=\"280\" src=\"https:\/\/novafertil.com\/ar\/wp-content\/uploads\/sites\/3\/2022\/01\/Novafertil-Konya-Tup-Bebek-Merkezi-Bebek-Senligi.jpg\" class=\"attachment-large size-large wp-image-5952\" alt=\"T\u00fcp Bebek \u015eenli\u011fi\" srcset=\"https:\/\/novafertil.com\/ar\/wp-content\/uploads\/sites\/3\/2022\/01\/Novafertil-Konya-Tup-Bebek-Merkezi-Bebek-Senligi.jpg 500w, https:\/\/novafertil.com\/ar\/wp-content\/uploads\/sites\/3\/2022\/01\/Novafertil-Konya-Tup-Bebek-Merkezi-Bebek-Senligi-300x168.jpg 300w\" sizes=\"(max-width: 500px) 100vw, 500px\" \/>\t\t\t\t\t\t\t\t<\/a>\n\t\t\t\t\t\t\t\t\t\t\t\t\t\t\t<\/div>\n\t\t\t\t<\/div>\n\t\t\t\t<div class=\"elementor-element elementor-element-15d6f52 elementor-widget elementor-widget-heading\" data-id=\"15d6f52\" data-element_type=\"widget\" data-widget_type=\"heading.default\">\n\t\t\t\t<div class=\"elementor-widget-container\">\n\t\t\t<h2 class=\"elementor-heading-title elementor-size-default\">\u0645\u0631\u0643\u0632 \u0646\u0648\u0641\u0627\u0641\u064a\u0631\u062a\u064a\u0644 \u0642\u0648\u0646\u064a\u0629 \u0644\u0644\u0625\u062e\u0635\u0627\u0628 \u0645\u0647\u0631\u062c\u0627\u0646 \u0627\u0644\u0637\u0641\u0644<\/h2>\t\t<\/div>\n\t\t\t\t<\/div>\n\t\t\t\t<div class=\"elementor-element elementor-element-3c829f5 elementor-widget elementor-widget-button\" data-id=\"3c829f5\" data-element_type=\"widget\" data-widget_type=\"button.default\">\n\t\t\t\t<div class=\"elementor-widget-container\">\n\t\t\t\t\t<div class=\"elementor-button-wrapper\">\n\t\t\t<a href=\"\/novafertil-konya-tup-bebek-merkezi-bebek-senligi\/\" class=\"elementor-button-link elementor-button elementor-size-sm\" role=\"button\">\n\t\t\t\t\t\t<span class=\"elementor-button-content-wrapper\">\n\t\t\t\t\t\t\t<span class=\"elementor-button-icon elementor-align-icon-right\">\n\t\t\t\t<i aria-hidden=\"true\" class=\"fas fa-arrow-right\"><\/i>\t\t\t<\/span>\n\t\t\t\t\t\t<span class=\"elementor-button-text\">\u0627\u0642\u0631\u0623 \u0627\u0644\u0645\u0632\u064a\u062f<\/span>\n\t\t<\/span>\n\t\t\t\t\t<\/a>\n\t\t<\/div>\n\t\t\t\t<\/div>\n\t\t\t\t<\/div>\n\t\t\t\t\t<\/div>\n\t\t<\/div>\n\t\t\t\t\t\t\t<\/div>\n\t\t<\/section>\n\t\t\t\t\t<\/div>\n\t\t<\/div>\n\t\t\t\t\t\t\t<\/div>\n\t\t<\/section>\n\t\t\t\t\t\t\t<\/div>\n\t\t","protected":false},"excerpt":{"rendered":"<p>\u064a\u062a\u0645 \u062a\u0637\u0628\u064a\u0642 \u0637\u0631\u064a\u0642\u0629 \u0627\u0644\u062f\u0643\u062a\u0648\u0631 \u0641\u0624\u0627\u062f \u0639\u0644\u064a \u0644\u0644\u062a\u0644\u0642\u064a\u062d \u0627\u0644\u0627\u0635\u0637\u0646\u0627\u0639\u064a \u0639\u0644\u0649 \u0645\u0646\u0638\u0645\u0629 \u0627\u0644\u0635\u062d\u0629 \u0627\u0644\u0639\u0627\u0644\u0645\u064a\u0629 \u0627\u0642\u0631\u0623 \u0627\u0644\u0645\u0632\u064a\u062f \u064a\u0645\u0643\u0646 \u0623\u0646 \u064a\u0643\u0648\u0646 \u0627\u0644\u0623\u0628 \u0627\u0644\u0630\u064a \u0644\u0627 \u064a\u0648\u062c\u062f \u0644\u062f\u064a\u0647 \u0627\u0644\u062d\u064a\u0648\u0627\u0646\u0627\u062a \u0627\u0644\u0645\u0646\u0648\u064a\u0629 \u0639\u0644\u0649 \u0627\u0644\u0625\u0637\u0644\u0627\u0642 ? \u0627\u0642\u0631\u0623 \u0627\u0644\u0645\u0632\u064a\u062f \u0627\u0644\u062a\u0644\u0642\u064a\u062d \u0627\u0644\u0627\u0635\u0637\u0646\u0627\u0639\u064a \u0627\u0642\u0631\u0623 \u0627\u0644\u0645\u0632\u064a\u062f \u0628\u0639\u062f 15 \u0639\u0627\u0645\u0627 \u0645\u0646 \u0627\u0644\u062d\u0646\u064a\u0646 \u0625\u0644\u0649 \u0627\u0644\u0648\u0637\u0646 \u060c \u062a\u0645 \u0627\u062e\u062a\u064a\u0627\u0631 \u062d\u0648\u0627\u0621 \u064a\u0627\u0644 \u0625\u0631\u0641\u064a\u0646 \u0643\u0623\u0645 \u0627\u0644\u0639\u0627\u0645 \u0641\u064a \u0642\u0648\u0646\u064a\u0629 \u0627\u0642\u0631\u0623 \u0627\u0644\u0645\u0632\u064a\u062f \u0623\u062e\u0628\u0627\u0631 \u0627\u0644\u062a\u0644\u0642\u064a\u062d \u0627\u0644\u0627\u0635\u0637\u0646\u0627\u0639\u064a [&hellip;]<\/p>\n","protected":false},"author":1,"featured_media":0,"parent":0,"menu_order":0,"comment_status":"open","ping_status":"closed","template":"","meta":{"footnotes":""},"aioseo_notices":[],"_links":{"self":[{"href":"https:\/\/novafertil.com\/ar\/wp-json\/wp\/v2\/pages\/5985"}],"collection":[{"href":"https:\/\/novafertil.com\/ar\/wp-json\/wp\/v2\/pages"}],"about":[{"href":"https:\/\/novafertil.com\/ar\/wp-json\/wp\/v2\/types\/page"}],"author":[{"embeddable":true,"href":"https:\/\/novafertil.com\/ar\/wp-json\/wp\/v2\/users\/1"}],"replies":[{"embeddable":true,"href":"https:\/\/novafertil.com\/ar\/wp-json\/wp\/v2\/comments?post=5985"}],"version-history":[{"count":5,"href":"https:\/\/novafertil.com\/ar\/wp-json\/wp\/v2\/pages\/5985\/revisions"}],"predecessor-version":[{"id":8544,"href":"https:\/\/novafertil.com\/ar\/wp-json\/wp\/v2\/pages\/5985\/revisions\/8544"}],"wp:attachment":[{"href":"https:\/\/novafertil.com\/ar\/wp-json\/wp\/v2\/media?parent=5985"}],"curies":[{"name":"wp","href":"https:\/\/api.w.org\/{rel}","templated":true}]}}