{"id":4410,"date":"2021-09-30T15:35:15","date_gmt":"2021-09-30T12:35:15","guid":{"rendered":"http:\/\/ahmetegilmez.com\/?page_id=4410"},"modified":"2022-09-30T10:49:14","modified_gmt":"2022-09-30T07:49:14","slug":"alshakhsiatu-muealajat-albayanati-al-iida-atu-alnas","status":"publish","type":"page","link":"https:\/\/novafertil.com\/ar\/alshakhsiatu-muealajat-albayanati-al-iida-atu-alnas\/","title":{"rendered":"\u0645\u0639\u0627\u0644\u062c\u0629 \u0646\u0635 \u062a\u0648\u0636\u064a\u062d \u0627\u0644\u0628\u064a\u0627\u0646\u0627\u062a \u0627\u0644\u0634\u062e\u0635\u064a\u0629"},"content":{"rendered":"\t\t<div data-elementor-type=\"wp-page\" data-elementor-id=\"4410\" class=\"elementor elementor-4410\">\n\t\t\t\t\t\t\t\t\t<section class=\"elementor-section elementor-top-section elementor-element elementor-element-fb5ded1 elementor-section-stretched elementor-section-boxed elementor-section-height-default elementor-section-height-default\" data-id=\"fb5ded1\" data-element_type=\"section\" data-settings=\"{&quot;stretch_section&quot;:&quot;section-stretched&quot;}\">\n\t\t\t\t\t\t<div class=\"elementor-container elementor-column-gap-default\">\n\t\t\t\t\t<div class=\"elementor-column elementor-col-100 elementor-top-column elementor-element elementor-element-243ebb7\" data-id=\"243ebb7\" data-element_type=\"column\">\n\t\t\t<div class=\"elementor-widget-wrap elementor-element-populated\">\n\t\t\t\t\t\t\t\t<div class=\"elementor-element elementor-element-6826254 elementor-widget elementor-widget-text-editor\" data-id=\"6826254\" data-element_type=\"widget\" data-widget_type=\"text-editor.default\">\n\t\t\t\t<div class=\"elementor-widget-container\">\n\t\t\t<style>\/*! elementor - v3.10.0 - 09-01-2023 *\/\n.elementor-widget-text-editor.elementor-drop-cap-view-stacked .elementor-drop-cap{background-color:#818a91;color:#fff}.elementor-widget-text-editor.elementor-drop-cap-view-framed .elementor-drop-cap{color:#818a91;border:3px solid;background-color:transparent}.elementor-widget-text-editor:not(.elementor-drop-cap-view-default) .elementor-drop-cap{margin-top:8px}.elementor-widget-text-editor:not(.elementor-drop-cap-view-default) .elementor-drop-cap-letter{width:1em;height:1em}.elementor-widget-text-editor .elementor-drop-cap{float:right;text-align:center;line-height:1;font-size:50px}.elementor-widget-text-editor .elementor-drop-cap-letter{display:inline-block}<\/style>\t\t\t\t<p>T\u00fcp Bebek Sa\u011fl\u0131k Hizmetleri A.\u015e. (Novafertil\u00a0 T\u00fcp Bebek Merkezi) taraf\u0131ndan, 6698 say\u0131l\u0131 Ki\u015fisel Verilerin Korunmas\u0131 Kanunu (Kanun) ve ilgili mevzuat kapsam\u0131nda veri sorumlusu s\u0131fat\u0131yla, ki\u015fisel verileriniz, a\u015fa\u011f\u0131da a\u00e7\u0131klanan \u00e7er\u00e7evede ve 3359 say\u0131l\u0131 Sa\u011fl\u0131k Hizmetleri Temel Kanunu, 663 say\u0131l\u0131 Sa\u011fl\u0131k Bakanl\u0131\u011f\u0131 ve Ba\u011fl\u0131 Kurulu\u015flar\u0131n\u0131n Te\u015fkilat ve G\u00f6revleri Hakk\u0131nda Kanun H\u00fckm\u00fcnde Kararname, \u00d6zel Hastaneler Y\u00f6netmeli\u011fi, Ayakta Te\u015fhis Ve Tedavi Yap\u0131lan \u00d6zel Sa\u011fl\u0131k Kurulu\u015flar\u0131 Hakk\u0131nda Y\u00f6netmelik, Ki\u015fisel Sa\u011fl\u0131k Verileri Hakk\u0131nda Y\u00f6netmelik ve Sa\u011fl\u0131k Bakanl\u0131\u011f\u0131 d\u00fczenlemeleri ve sair mevzuata uygun olarak i\u015flenebilecektir.<\/p><p><strong>1. Ki\u015fisel Verilerin Elde Edilmesi, \u0130\u015flenmesi ve \u0130\u015fleme Ama\u00e7lar\u0131<\/strong><\/p><p>Ki\u015fisel verileriniz Novafertil T\u00fcp Bebek Merkezi taraf\u0131ndan kamu sa\u011fl\u0131\u011f\u0131n\u0131n korunmas\u0131, koruyucu hekimlik, t\u0131bbi te\u015fhis, tedavi ve bak\u0131m hizmetlerinin y\u00fcr\u00fct\u00fclmesi, sa\u011fl\u0131k hizmetleri ile finansman\u0131n\u0131n planlanmas\u0131 ve y\u00f6netimi ama\u00e7lar\u0131yla ve Novafertil T\u00fcp Bebek Merkezi faaliyet konular\u0131na uygun d\u00fc\u015fecek \u015fekilde; s\u00f6zl\u00fc, yaz\u0131l\u0131, g\u00f6rsel ya da elektronik ortamda, \u00e7a\u011fr\u0131 merkezi, internet sitesi, s\u00f6zl\u00fc, yaz\u0131l\u0131 ve benzeri kanallar arac\u0131l\u0131\u011f\u0131yla elde edilmektedir. Sa\u011fl\u0131k verileriniz ba\u015fta olmak \u00fczere \u00f6zel nitelikli ki\u015fisel verileriniz ve genel nitelikli\u00a0<em>ki\u015fisel verileriniz, Novafertil T\u00fcp Bebek Merkezi taraf\u0131ndan a\u015fa\u011f\u0131da yer alanlar dahil ve\u00a0<u>bunlarla s\u0131n\u0131rl\u0131 olmaks\u0131z\u0131n<\/u>\u00a0bu maddede belirtilen ama\u00e7lar ile ba\u011flant\u0131l\u0131 ve \u00f6l\u00e7\u00fcl\u00fc \u015fekilde i\u015flenebilmektedir:<\/em><\/p><p><strong>Kimlik bilgileriniz:<\/strong>\u00a0Ad\u0131n\u0131z, soyad\u0131n\u0131z, T.C. kimlik numaran\u0131z, pasaport numaran\u0131z veya ge\u00e7ici T.C. Kimlik numaran\u0131z (veya kimlik belgesi niteli\u011findeki t\u00fcm belge verileriniz), do\u011fum yeri ve tarihiniz, medeni haliniz, cinsiyetiniz, sigorta numaran\u0131z, hasta protokol\u00a0<a name=\"_Hlk41322470\"><\/a>numaran\u0131z\u00a0ve sizi tan\u0131mlayabilecek di\u011fer kimlik verileriniz;<\/p><p><strong>\u0130leti\u015fim bilgileriniz:<\/strong>\u00a0Adresiniz, telefon numaran\u0131z, elektronik posta adresiniz, sosyal medya adresiniz ve di\u011fer ileti\u015fim verileriniz, m\u00fc\u015fteri temsilcileri ya da hasta hizmetleri taraf\u0131ndan \u00e7a\u011fr\u0131 merkezi standartlar\u0131 gere\u011fi tutulan sesli g\u00f6r\u00fc\u015fme kay\u0131tlar\u0131n\u0131z ile elektronik posta, mektup veya di\u011fer vas\u0131talar arac\u0131l\u0131\u011f\u0131 ile taraf\u0131m\u0131zla ileti\u015fime ge\u00e7ti\u011finizde elde edilen ki\u015fisel verileriniz;<\/p><p><strong>Muhasebeye ili\u015fkin bilgileriniz:<\/strong>\u00a0Banka hesap numaran\u0131z, IBAN numaran\u0131z, posta \u00e7eki hesab\u0131n\u0131z, kredi kart\u0131 bilginiz, faturalama ve fatura bilgileriniz gibi finansal verileriniz, sa\u011fl\u0131k hizmetlerinin planlamas\u0131 ve finansman\u0131 amac\u0131yla \u00f6zel sa\u011fl\u0131k sigortas\u0131na ili\u015fkin verileriniz ve Sosyal G\u00fcvenlik Kurumu verileriniz;<\/p><p><strong>Sa\u011fl\u0131k bilgileriniz:<\/strong>\u00a0Dosyan\u0131zda takip edilmesi amac\u0131yla kendinizin sundu\u011fu laboratuvar ve g\u00f6r\u00fcnt\u00fcleme sonu\u00e7lar\u0131n\u0131z, test sonu\u00e7lar\u0131n\u0131z, hasta t\u0131bbi raporlar\u0131, tan\u0131 verileri, biyometrik ve genetik veriler, laboratuvar sonu\u00e7lar\u0131n\u0131z, test sonu\u00e7lar\u0131n\u0131z, muayene verileriniz, randevu bilgileriniz, re\u00e7ete bilgileriniz dahil ancak bunlarla s\u0131n\u0131rl\u0131 olmaks\u0131z\u0131n t\u0131bbi te\u015fhis, tedavi ve bak\u0131m hizmetlerinin y\u00fcr\u00fct\u00fclmesi ve veya bunlar\u0131n bir sonucu olarak elde edilen her t\u00fcrl\u00fc verileriniz;<\/p><p><strong>M\u00fc\u015fteri ili\u015fkileri:<\/strong>\u00a0Hastalarca doldurulan anketler, te\u015fekk\u00fcr ve \u015fikayet mektuplar\u0131, memnuniyet sonu\u00e7lar\u0131 vb. Novafertil T\u00fcp Bebek Merkezi\u2019ni de\u011ferlendirmek i\u00e7in yapt\u0131\u011f\u0131n\u0131z bildirimler;<\/p><p><strong>Fiziksel Mekan Bilgileri:\u00a0<\/strong>Hastanemizi ziyaretiniz s\u0131ras\u0131nda al\u0131nan, g\u00fcvenlik ve denetim ama\u00e7l\u0131 olan kamera kay\u0131t g\u00f6r\u00fcnt\u00fcleriniz, otopark-vale hizmeti alman\u0131z halinde ara\u00e7 plakan\u0131z;<\/p><p>Novafertil T\u00fcp Bebek Merkezi taraf\u0131ndan elde edilen her t\u00fcrl\u00fc ki\u015fisel veriniz a\u015fa\u011f\u0131daki ama\u00e7lar ile i\u015flenebilecektir:<\/p><ul><li>Hasta Hizmetleri, Sa\u011fl\u0131k uzmanlar\u0131 ve \u00c7a\u011fr\u0131 Merkezi b\u00f6l\u00fcmleri taraf\u0131ndan kimli\u011finizi teyit etme,<\/li><li>Kamu sa\u011fl\u0131\u011f\u0131n\u0131n korunmas\u0131, koruyucu hekimlik, t\u0131bbi te\u015fhis, tedavi ve bak\u0131m hizmetlerinin y\u00fcr\u00fct\u00fclmesi, sa\u011fl\u0131k hizmetleri ile finansman\u0131n\u0131n planlanmas\u0131 ve y\u00f6netimi,<\/li><li>Hastanemizin i\u00e7 i\u015fleyi\u015fi ile g\u00fcnl\u00fck operasyonlar\u0131n planlanmas\u0131 ve y\u00f6netilmesi,<\/li><li>\u0130la\u00e7 temini,<\/li><li>Ara\u015ft\u0131rma yap\u0131lmas\u0131,<\/li><li>Randevu alman\u0131z halinde randevu hakk\u0131nda sizi haberdar edebilme,<\/li><li>Risk y\u00f6netimi ve kalite geli\u015ftirme,<\/li><li>Yasal ve d\u00fczenleyici gereksinimlerin yerine getirilmesi,<\/li><li>Hasta Hizmetleri, Mali \u0130\u015fler, Pazarlama b\u00f6l\u00fcmleri taraf\u0131ndan sa\u011fl\u0131k hizmetlerinin finansman\u0131, tetkik, te\u015fhis ve tedavi giderlerinizin kar\u015f\u0131lanmas\u0131, m\u00fcstahakl\u0131k sorgusu kapsam\u0131nda \u00f6zel sigorta \u015firketler ile talep edilen bilgilerin payla\u015f\u0131lmas\u0131,<\/li><li>Hasta Hizmetleri, Mali \u0130\u015fler, Pazarlama b\u00f6l\u00fcmleri taraf\u0131ndan hizmetleriniz kar\u015f\u0131l\u0131\u011f\u0131nda faturaland\u0131rma yap\u0131lmas\u0131,<\/li><li>Hastanemizin sistem ve uygulamalar\u0131n\u0131n veri g\u00fcvenli\u011fi kapsam\u0131nda t\u00fcm gerekli teknik ve idari tedbirleri almas\u0131,<\/li><li>Pazarlama, Medya ve \u0130leti\u015fim, \u00c7a\u011fr\u0131 Merkezi b\u00f6l\u00fcmleri taraf\u0131ndan kampanyalara kat\u0131l\u0131m ve kampanya bilgisi verilmesi, web ve mobil kanallarda \u00f6zel i\u00e7eriklerin, somut ve soyut \u00f6gelerin tasarlanmas\u0131 ve iletilebilmesi,<\/li><li>Hastane Y\u00f6netimi, Hasta Haklar\u0131, Hasta Deneyimi b\u00f6l\u00fcmleri taraf\u0131ndan hasta memnuniyetinin \u00f6l\u00e7\u00fclmesi, artt\u0131r\u0131lmas\u0131 ve ara\u015ft\u0131r\u0131lmas\u0131,<\/li><li>D\u00fczenleyici ve denetleyici kurumlarla, resmi mercilerin talep ve denetimleri do\u011frultusunda gerekli bilgilerin temini,<\/li><li>\u0130lgili mevzuat gere\u011fi saklanmas\u0131 gereken sa\u011fl\u0131k verilerinize ili\u015fkin bilgileri muhafaza etme,<\/li><li>Kurumun i\u015f birli\u011fi i\u00e7erisinde oldu\u011fu e\u011fitim kurumlar\u0131 taraf\u0131ndan e\u011fitim ve \u00f6\u011fretim faaliyetlerinin yerine getirilebilmesi amac\u0131yla,<\/li><\/ul><p>\u0130lgili mevzuat uyar\u0131nca elde edilen ve i\u015flenen ki\u015fisel verileriniz, Novafertil T\u00fcp Bebek Merkezi\u2019ne ait fiziki ar\u015fivler ve\/veya bili\u015fim sistemlerine nakledilerek, hem dijital ortamda hem de fiziki ortamda muhafaza alt\u0131nda tutulabilecektir.<\/p><p><strong>2. Ki\u015fisel Verilerin Aktar\u0131lmas\u0131<\/strong><\/p><p>Ki\u015fisel verileriniz, 3359 say\u0131l\u0131 Sa\u011fl\u0131k Hizmetleri Temel Kanunu, 663 say\u0131l\u0131 Sa\u011fl\u0131k Bakanl\u0131\u011f\u0131 ve Ba\u011fl\u0131 Kurulu\u015flar\u0131n\u0131n Te\u015fkilat ve G\u00f6revleri Hakk\u0131nda Kanun H\u00fckm\u00fcnde Kararname, 6698 Say\u0131l\u0131 Ki\u015fisel Verilerin Korunmas\u0131 Kanunu, \u00d6zel Hastaneler Y\u00f6netmeli\u011fi, Ayakta Te\u015fhis Ve Tedavi Yap\u0131lan \u00d6zel Sa\u011fl\u0131k Kurulu\u015flar\u0131 Hakk\u0131nda Y\u00f6netmelik, Ki\u015fisel Sa\u011fl\u0131k Verileri Hakk\u0131nda Y\u00f6netmelik ve Sa\u011fl\u0131k Bakanl\u0131\u011f\u0131 d\u00fczenlemeleri ve sair mevzuat h\u00fck\u00fcmleri \u00e7er\u00e7evesinde ve yukar\u0131da a\u00e7\u0131klanan ama\u00e7larla;<\/p><p>\u25ca Sa\u011fl\u0131k Bakanl\u0131\u011f\u0131, Bakanl\u0131\u011fa ba\u011fl\u0131 alt birimler ve aile hekimli\u011fi merkezleri ile,<\/p><p>\u25ca \u00d6zel sigorta \u015firketleri (sa\u011fl\u0131k, emeklilik, hayat sigortas\u0131 ve benzeri),<\/p><p>\u25ca Sosyal G\u00fcvenlik Kurumu ile,<\/p><p>\u25ca Emniyet Genel M\u00fcd\u00fcrl\u00fc\u011f\u00fc ve di\u011fer kolluk kuvvetleri ile,<\/p><p>\u25ca N\u00fcfus Genel M\u00fcd\u00fcrl\u00fc\u011f\u00fc ile,<\/p><p>\u25ca T\u00fcrkiye Eczac\u0131lar Birli\u011fi ile,<\/p><p>\u25ca Adli makamlar ile,<\/p><p>\u25ca T\u0131bbi te\u015fhis ve tedavi i\u00e7in Novafertil T\u00fcp Bebek Merkezi olarak i\u015f birli\u011fi i\u00e7erisinde oldu\u011fumuz yurt i\u00e7inde veya yurt d\u0131\u015f\u0131nda bulunan laboratuvarlar, t\u0131p merkezleri, ambulans, t\u0131bbi cihaz ve sa\u011fl\u0131k hizmeti sunan kurumlar, T\u00fcrk Tabipler Odas\u0131 Birli\u011fi d\u00e2hil sa\u011fl\u0131k hizmetlerini yukar\u0131da belirtilen ama\u00e7larla geli\u015ftirmek veya y\u00fcr\u00fctmek \u00fczere i\u015fbirli\u011fi yapt\u0131\u011f\u0131m\u0131z i\u015f ortaklar\u0131m\u0131z ve di\u011fer \u00fc\u00e7\u00fcnc\u00fc ki\u015filer ile,<\/p><p>\u25ca Sevk edilme durumunda sevk edildi\u011finiz veya kendi ba\u015fvurdu\u011funuz ba\u015fka bir sa\u011fl\u0131k kurulu\u015fu ile,<\/p><p>\u25ca Yetki vermi\u015f oldu\u011funuz kanuni temsilciler ile,<\/p><p>\u25ca \u00c7al\u0131\u015fmakta oldu\u011fumuz avukatlar, vergi dan\u0131\u015fmanlar\u0131 ve denet\u00e7iler de d\u00e2hil olmak \u00fczere dan\u0131\u015fmanl\u0131k ald\u0131\u011f\u0131n\u0131z \u00fc\u00e7\u00fcnc\u00fc ki\u015filer ile,<\/p><p>\u25ca D\u00fczenleyici ve denetleyici kurumlar ve resmi merciler ile,<\/p><p>\u25ca Yurt i\u00e7indeki veya yurt d\u0131\u015f\u0131ndaki sistemlere ve\/veya Hastane\u2019mizin ba\u011fl\u0131 bulundu\u011fu \u015firketler toplulu\u011fu b\u00fcnyesindeki di\u011fer firmalar ile,<\/p><p>\u25ca Faturaland\u0131rma i\u015flemi i\u015fvereninize yap\u0131lacak olmas\u0131 durumunda bu ama\u00e7la i\u015fvereniniz ile,<\/p><p>\u25ca \u015eirket olarak hizmetlerinden faydalan\u0131lan veya i\u015fbirli\u011fi i\u00e7erisinde olunan tedarik\u00e7iler, destek hizmet sa\u011flay\u0131c\u0131lar\u0131, ar\u015fiv hizmeti sa\u011flay\u0131c\u0131lar\u0131 ve i\u015f ortaklar\u0131m\u0131z (daha detayl\u0131 bilgi i\u00e7in hastanemize yaz\u0131l\u0131 ba\u015fvurarak bilgi edinebilirsiniz) ile payla\u015f\u0131labilecektir.<\/p><p><strong>3. Ki\u015fisel Veri Elde Etmenin Y\u00f6ntemi ve Hukuki Sebebi<\/strong><\/p><p>Ki\u015fisel verileriniz, her t\u00fcrl\u00fc s\u00f6zl\u00fc, yaz\u0131l\u0131, g\u00f6rsel ya da elektronik ortamda, yukar\u0131da yer verilen ama\u00e7lar ve sa\u011fl\u0131k hizmetlerinin belirlenen yasal \u00e7er\u00e7evede verilebilmesi ve bu kapsamda Novafertil T\u00fcp Bebek Merkezi\u2019nin akdi ve kanuni y\u00fck\u00fcml\u00fcl\u00fcklerini tam ve gere\u011fi gibi yerine getirebilmesi i\u00e7in elde edilir. \u0130\u015fbu ki\u015fisel verilerinizin toplanmas\u0131n\u0131n hukuki dayana\u011f\u0131;<\/p><p>-6698 say\u0131l\u0131 Ki\u015fisel Verilerin Korunmas\u0131 Kanunu,<\/p><p>-3359 say\u0131l\u0131 Sa\u011fl\u0131k Hizmetleri Temel Kanunu,<\/p><p>-663 say\u0131l\u0131 Sa\u011fl\u0131k Bakanl\u0131\u011f\u0131 ve Ba\u011fl\u0131 Kurulu\u015flar\u0131n\u0131n Te\u015fkilat ve G\u00f6revleri Hakk\u0131nda Kanun H\u00fckm\u00fcnde Kararname,<\/p><p>-\u00d6zel Hastaneler Y\u00f6netmeli\u011fi,<\/p><p>&#8211; Ayakta Te\u015fhis Ve Tedavi Yap\u0131lan \u00d6zel Sa\u011fl\u0131k Kurulu\u015flar\u0131 Hakk\u0131nda Y\u00f6netmelik,<\/p><p>-Ki\u015fisel Sa\u011fl\u0131k Verileri Hakk\u0131nda Y\u00f6netmelik,<\/p><p>-Sa\u011fl\u0131k Bakanl\u0131\u011f\u0131 d\u00fczenlemeleri ve sair mevzuat h\u00fck\u00fcmleridir.<\/p><p>Ayr\u0131ca, Kanun\u2019un 6. maddesi 3. f\u0131kras\u0131nda da belirtildi\u011fi \u00fczere sa\u011fl\u0131k ve cinsel hayata ili\u015fkin ki\u015fisel veriler ise ancak kamu sa\u011fl\u0131\u011f\u0131n\u0131n korunmas\u0131, koruyucu hekimlik, t\u0131bb\u0131 te\u015fhis, tedavi ve bak\u0131m hizmetlerinin y\u00fcr\u00fct\u00fclmesi, sa\u011fl\u0131k hizmetleri ile finansman\u0131n\u0131n planlanmas\u0131 ve y\u00f6netimi amac\u0131yla, s\u0131r saklama y\u00fck\u00fcml\u00fcl\u00fc\u011f\u00fc alt\u0131nda bulunan ki\u015filer veya yetkili kurum ve kurulu\u015flar taraf\u0131ndan ilgilinin a\u00e7\u0131k r\u0131zas\u0131 aranmaks\u0131z\u0131n i\u015flenebilir.<\/p><p><strong>4. Ki\u015fisel Verilerin Korunmas\u0131na Y\u00f6nelik Haklar\u0131n\u0131z<\/strong><\/p><p>Ki\u015fisel veri sahibi olarak, i\u015flenen ki\u015fisel verilerinizle ilgili, mevzuat uyar\u0131nca ki\u015fisel veri i\u015flenip i\u015flenmedi\u011fini \u00f6\u011frenme; ki\u015fisel verileriniz i\u015flenmi\u015fse buna ili\u015fkin bilgi talep etme; ki\u015fisel sa\u011fl\u0131k verilerine eri\u015fim ve bu verileri isteme; ki\u015fisel verilerin i\u015flenme amac\u0131n\u0131 ve bunlar\u0131n amac\u0131na uygun kullan\u0131l\u0131p kullan\u0131lmad\u0131\u011f\u0131n\u0131 \u00f6\u011frenme; yurt i\u00e7inde veya yurt d\u0131\u015f\u0131nda ki\u015fisel verilerin aktar\u0131ld\u0131\u011f\u0131 \u00fc\u00e7\u00fcnc\u00fc ki\u015fileri bilme; ki\u015fisel verilerin eksik veya yanl\u0131\u015f i\u015flenmi\u015f olmas\u0131 h\u00e2linde bunlar\u0131n d\u00fczeltilmesini isteme; ki\u015fisel verilerin (sa\u011fl\u0131k mevzuat\u0131 gere\u011fi saklanmak zorunda olanlar d\u0131\u015f\u0131nda) silinmesini veya yok edilmesini isteme; ki\u015fisel verilerin eksik veya yanl\u0131\u015f i\u015flenmi\u015f olmas\u0131 h\u00e2linde bunlar\u0131n d\u00fczeltilmesine ve\/veya ki\u015fisel verilerin silinmesini veya yok edilmesine ili\u015fkin i\u015flemlerin ki\u015fisel verilerin aktar\u0131ld\u0131\u011f\u0131 \u00fc\u00e7\u00fcnc\u00fc ki\u015filere bildirilmesini isteme; i\u015flenen verilerin m\u00fcnhas\u0131ran otomatik sistemler vas\u0131tas\u0131yla analiz edilmesi suretiyle ki\u015finin kendisi aleyhine bir sonucun ortaya \u00e7\u0131kmas\u0131na itiraz etme; ki\u015fisel verilerin kanuna ayk\u0131r\u0131 olarak i\u015flenmesi sebebiyle zarar do\u011fmas\u0131 halinde zarar\u0131n giderilmesini taraf\u0131m\u0131zdan talep etme haklar\u0131na sahipsiniz.<\/p><p>Ki\u015fisel veri i\u015flenip i\u015flenmedi\u011fini \u00f6\u011frenme hakk\u0131n\u0131z\u0131, ki\u015fisel verileri i\u015flenmi\u015fse buna ili\u015fkin bilgi talep etme hakk\u0131n\u0131z\u0131, ki\u015fisel sa\u011fl\u0131k verilerine eri\u015fim ve bu verileri isteme hakk\u0131n\u0131z\u0131, ki\u015fisel verilerin i\u015flenme amac\u0131n\u0131 ve bunlar\u0131n amac\u0131na uygun kullan\u0131l\u0131p kullan\u0131lmad\u0131\u011f\u0131n\u0131 \u00f6\u011frenme hakk\u0131n\u0131z\u0131 ya da yurt i\u00e7inde veya yurt d\u0131\u015f\u0131nda ki\u015fisel verilerin aktar\u0131ld\u0131\u011f\u0131 \u00fc\u00e7\u00fcnc\u00fc ki\u015fileri bilme hakk\u0131n\u0131z\u0131 kullanman\u0131z halinde ilgili bilgi taraf\u0131n\u0131za, a\u00e7\u0131k ve anla\u015f\u0131labilir bir \u015fekilde yaz\u0131l\u0131 olarak ya da elektronik ortamda, taraf\u0131n\u0131zca sa\u011flanan ileti\u015fim bilgileri yoluyla bildirilecektir.\u00a0\u00a0\u00a0\u00a0\u00a0\u00a0\u00a0<\/p><p><strong>5. Veri G\u00fcvenli\u011fi<\/strong><\/p><p>Novafertil T\u00fcp Bebek Merkezi, ki\u015fisel verilerinizi bilgi g\u00fcvenli\u011fi standartlar\u0131 ve prosed\u00fcrleri gere\u011fince al\u0131nmas\u0131 gereken t\u00fcm teknik ve idari g\u00fcvenlik kontrollerine tam uygun olarak ve muhtemel risklere kar\u015f\u0131 uygun gereklilik d\u00fczeyinde korumaktad\u0131r.<\/p><p><strong>6. \u015eikayet ve \u0130leti\u015fim<\/strong><\/p><p>Yukar\u0131daki maddeler kapsam\u0131nda kullanmak istedi\u011finiz haklar\u0131n\u0131z ya da talepleriniz olmas\u0131 durumunda, talebinizi,\u00a0<a href=\"https:\/\/novafertil.com\">www.novafertil.com<\/a>\u00a0adresinde yer alan \u201cKi\u015fisel Verilerin Korunmas\u0131\u201d linkinde yer alan ba\u015fvuru formunu \u201cword veya pdf\u201d format\u0131nda doldurmak suretiyle,<\/p><p>\u2022\u00a0Ate\u015fbaz Veli Mh.Yeni Meram Cd. No:75 Meram-Konya\/T\u00dcRK\u0130YE \u00a0adresine \u015fahsen ba\u015fvurusu ile,<\/p><p>\u2022\u00a0Bir \u00fcst maddede yaz\u0131l\u0131 adrese Noterlik vas\u0131tas\u0131yla,<\/p><p>\u2022 Ba\u015fvuru Sahibince 5070 Say\u0131l\u0131 Elektronik \u0130mza Kanunu\u2019nda tan\u0131ml\u0131 olan \u201cg\u00fcvenli elektronik imza\u201d ile imzalanarak \u015eirket ad\u0131na kay\u0131tl\u0131 elektronik posta adresine (tupbebeksaglik@hs05.kep.tr) g\u00f6nderilmek suretiyle,<\/p><p>\u2022 Ba\u015fvuru formu doldurulup\u00a0<em><u>veri sorumlusunun sisteminde kay\u0131tl\u0131 bulunan elektronik posta adresini<\/u><\/em>\u00a0kullanarak\u00a0<a href=\"mailto:bilgi@novafertil.com\">bilgi@novafertil.com<\/a>\u00a0adresine elektronik posta ile g\u00f6nderilmesi suretiyle, taraf\u0131m\u0131za iletmenizi rica ederiz.<\/p><p>Talebin niteli\u011fine g\u00f6re, talebi en k\u0131sa s\u00fcrede ve en ge\u00e7 otuz (30) g\u00fcn i\u00e7inde \u00fccretsiz olarak sonu\u00e7land\u0131raca\u011f\u0131z. Ancak, i\u015flemin ayr\u0131ca bir maliyeti gerektirmesi halinde, taraf\u0131m\u0131zca Ki\u015fisel Verileri Koruma Kurulu taraf\u0131ndan belirlenen tarifedeki \u00fccret al\u0131nabilecektir.<\/p>\t\t\t\t\t\t<\/div>\n\t\t\t\t<\/div>\n\t\t\t\t<div class=\"elementor-element elementor-element-27f5cfa elementor-aspect-ratio-169 elementor-widget elementor-widget-video\" data-id=\"27f5cfa\" data-element_type=\"widget\" data-settings=\"{&quot;video_type&quot;:&quot;hosted&quot;,&quot;controls&quot;:&quot;yes&quot;,&quot;aspect_ratio&quot;:&quot;169&quot;}\" data-widget_type=\"video.default\">\n\t\t\t\t<div class=\"elementor-widget-container\">\n\t\t\t<style>\/*! elementor - v3.10.0 - 09-01-2023 *\/\n.elementor-widget-video .elementor-widget-container{overflow:hidden;transform:translateZ(0)}.elementor-widget-video .elementor-open-inline .elementor-custom-embed-image-overlay{position:absolute;top:0;left:0;width:100%;height:100%;background-size:cover;background-position:50%}.elementor-widget-video .elementor-custom-embed-image-overlay{cursor:pointer;text-align:center}.elementor-widget-video .elementor-custom-embed-image-overlay:hover .elementor-custom-embed-play i{opacity:1}.elementor-widget-video .elementor-custom-embed-image-overlay img{display:block;width:100%}.elementor-widget-video .e-hosted-video .elementor-video{-o-object-fit:cover;object-fit:cover}.e-con-inner>.elementor-widget-video,.e-con>.elementor-widget-video{width:var(--container-widget-width);--flex-grow:var(--container-widget-flex-grow)}<\/style>\t\t<div class=\"e-hosted-video elementor-wrapper elementor-fit-aspect-ratio elementor-open-inline\">\n\t\t\t\t\t<video class=\"elementor-video\" src=\"https:\/\/novafertil.comwp-content\/uploads\/2021\/09\/NOVAFERTIL_LOOP_720.mp4\" controls=\"\" preload=\"metadata\" controlsList=\"nodownload\"><\/video>\n\t\t\t\t<\/div>\n\t\t\t\t<\/div>\n\t\t\t\t<\/div>\n\t\t\t\t\t<\/div>\n\t\t<\/div>\n\t\t\t\t\t\t\t<\/div>\n\t\t<\/section>\n\t\t\t\t\t\t\t<\/div>\n\t\t","protected":false},"excerpt":{"rendered":"<p>T\u00fcp Bebek Sa\u011fl\u0131k Hizmetleri A.\u015e. (Novafertil&nbsp; T\u00fcp Bebek Merkezi) taraf\u0131ndan, 6698 say\u0131l\u0131 Ki\u015fisel Verilerin Korunmas\u0131 Kanunu (Kanun) ve ilgili mevzuat kapsam\u0131nda veri sorumlusu s\u0131fat\u0131yla, ki\u015fisel verileriniz, a\u015fa\u011f\u0131da a\u00e7\u0131klanan \u00e7er\u00e7evede ve 3359 say\u0131l\u0131 Sa\u011fl\u0131k Hizmetleri Temel Kanunu, 663 say\u0131l\u0131 Sa\u011fl\u0131k Bakanl\u0131\u011f\u0131 ve Ba\u011fl\u0131 Kurulu\u015flar\u0131n\u0131n Te\u015fkilat ve G\u00f6revleri Hakk\u0131nda Kanun H\u00fckm\u00fcnde Kararname, \u00d6zel Hastaneler Y\u00f6netmeli\u011fi, Ayakta Te\u015fhis [&hellip;]<\/p>\n","protected":false},"author":1,"featured_media":0,"parent":0,"menu_order":0,"comment_status":"open","ping_status":"closed","template":"","meta":{"footnotes":""},"aioseo_notices":[],"_links":{"self":[{"href":"https:\/\/novafertil.com\/ar\/wp-json\/wp\/v2\/pages\/4410"}],"collection":[{"href":"https:\/\/novafertil.com\/ar\/wp-json\/wp\/v2\/pages"}],"about":[{"href":"https:\/\/novafertil.com\/ar\/wp-json\/wp\/v2\/types\/page"}],"author":[{"embeddable":true,"href":"https:\/\/novafertil.com\/ar\/wp-json\/wp\/v2\/users\/1"}],"replies":[{"embeddable":true,"href":"https:\/\/novafertil.com\/ar\/wp-json\/wp\/v2\/comments?post=4410"}],"version-history":[{"count":1,"href":"https:\/\/novafertil.com\/ar\/wp-json\/wp\/v2\/pages\/4410\/revisions"}],"predecessor-version":[{"id":8593,"href":"https:\/\/novafertil.com\/ar\/wp-json\/wp\/v2\/pages\/4410\/revisions\/8593"}],"wp:attachment":[{"href":"https:\/\/novafertil.com\/ar\/wp-json\/wp\/v2\/media?parent=4410"}],"curies":[{"name":"wp","href":"https:\/\/api.w.org\/{rel}","templated":true}]}}