{"id":3896,"date":"2021-08-10T17:24:03","date_gmt":"2021-08-10T14:24:03","guid":{"rendered":"http:\/\/ahmetegilmez.com\/?page_id=3896"},"modified":"2023-05-15T16:43:39","modified_gmt":"2023-05-15T13:43:39","slug":"op-dr-ahmet-salvarci","status":"publish","type":"page","link":"https:\/\/novafertil.com\/ar\/op-dr-ahmet-salvarci\/","title":{"rendered":"\u0627\u0644\u062c\u0631\u0651\u0627\u062d Ahmet SALVARCI"},"content":{"rendered":"\t\t<div data-elementor-type=\"wp-page\" data-elementor-id=\"3896\" class=\"elementor elementor-3896\">\n\t\t\t\t\t\t\t\t\t<section class=\"elementor-section elementor-top-section elementor-element elementor-element-f852b9b elementor-section-stretched elementor-section-boxed elementor-section-height-default elementor-section-height-default\" data-id=\"f852b9b\" data-element_type=\"section\" data-settings=\"{&quot;stretch_section&quot;:&quot;section-stretched&quot;,&quot;background_background&quot;:&quot;classic&quot;}\">\n\t\t\t\t\t\t<div class=\"elementor-container elementor-column-gap-default\">\n\t\t\t\t\t<div class=\"elementor-column elementor-col-33 elementor-top-column elementor-element elementor-element-9e25558\" data-id=\"9e25558\" data-element_type=\"column\">\n\t\t\t<div class=\"elementor-widget-wrap elementor-element-populated\">\n\t\t\t\t\t\t\t\t<section class=\"elementor-section elementor-inner-section elementor-element elementor-element-4661cdc elementor-section-boxed elementor-section-height-default elementor-section-height-default\" data-id=\"4661cdc\" data-element_type=\"section\">\n\t\t\t\t\t\t<div class=\"elementor-container elementor-column-gap-default\">\n\t\t\t\t\t<div class=\"elementor-column elementor-col-100 elementor-inner-column elementor-element elementor-element-22c19e9\" data-id=\"22c19e9\" data-element_type=\"column\" data-settings=\"{&quot;background_background&quot;:&quot;classic&quot;}\">\n\t\t\t<div class=\"elementor-widget-wrap elementor-element-populated\">\n\t\t\t\t\t\t\t\t<div class=\"elementor-element elementor-element-d8fb57f elementor-widget elementor-widget-image\" data-id=\"d8fb57f\" data-element_type=\"widget\" data-widget_type=\"image.default\">\n\t\t\t\t<div class=\"elementor-widget-container\">\n\t\t\t<style>\/*! elementor - v3.10.0 - 09-01-2023 *\/\n.elementor-widget-image{text-align:center}.elementor-widget-image a{display:inline-block}.elementor-widget-image a img[src$=\".svg\"]{width:48px}.elementor-widget-image img{vertical-align:middle;display:inline-block}<\/style>\t\t\t\t\t\t\t\t\t\t\t\t<img loading=\"lazy\" decoding=\"async\" width=\"300\" height=\"300\" src=\"https:\/\/novafertil.com\/ar\/wp-content\/uploads\/sites\/3\/2021\/08\/op-dr-ahmet-salvarci-min.png\" class=\"attachment-large size-large wp-image-3313\" alt=\"Ahmet \u015ealvarc\u0131 T\u00fcp Bebek\" srcset=\"https:\/\/novafertil.com\/ar\/wp-content\/uploads\/sites\/3\/2021\/08\/op-dr-ahmet-salvarci-min.png 300w, https:\/\/novafertil.com\/ar\/wp-content\/uploads\/sites\/3\/2021\/08\/op-dr-ahmet-salvarci-min-150x150.png 150w\" sizes=\"(max-width: 300px) 100vw, 300px\" \/>\t\t\t\t\t\t\t\t\t\t\t\t\t\t\t<\/div>\n\t\t\t\t<\/div>\n\t\t\t\t<div class=\"elementor-element elementor-element-ccc0f4e elementor-widget elementor-widget-heading\" data-id=\"ccc0f4e\" data-element_type=\"widget\" data-widget_type=\"heading.default\">\n\t\t\t\t<div class=\"elementor-widget-container\">\n\t\t\t<style>\/*! elementor - v3.10.0 - 09-01-2023 *\/\n.elementor-heading-title{padding:0;margin:0;line-height:1}.elementor-widget-heading .elementor-heading-title[class*=elementor-size-]>a{color:inherit;font-size:inherit;line-height:inherit}.elementor-widget-heading .elementor-heading-title.elementor-size-small{font-size:15px}.elementor-widget-heading .elementor-heading-title.elementor-size-medium{font-size:19px}.elementor-widget-heading .elementor-heading-title.elementor-size-large{font-size:29px}.elementor-widget-heading .elementor-heading-title.elementor-size-xl{font-size:39px}.elementor-widget-heading .elementor-heading-title.elementor-size-xxl{font-size:59px}<\/style><h2 class=\"elementor-heading-title elementor-size-default\">\u0627\u0644\u062f\u0643\u062a\u0648\u0631 \u0623\u062d\u0645\u062f \u0634\u0644\u0641\u0627\u0631\u0633\u064a<\/h2>\t\t<\/div>\n\t\t\t\t<\/div>\n\t\t\t\t<div class=\"elementor-element elementor-element-bac06d9 elementor-widget elementor-widget-heading\" data-id=\"bac06d9\" data-element_type=\"widget\" data-widget_type=\"heading.default\">\n\t\t\t\t<div class=\"elementor-widget-container\">\n\t\t\t<h2 class=\"elementor-heading-title elementor-size-default\">\u0623\u062e\u0635\u0627\u0626\u064a \u0623\u0645\u0631\u0627\u0636 \u0627\u0644\u0646\u0633\u0627\u0621 \u0648\u0623\u0637\u0641\u0627\u0644 \u0627\u0644\u0623\u0646\u0627\u0628\u064a\u0628<\/h2>\t\t<\/div>\n\t\t\t\t<\/div>\n\t\t\t\t\t<\/div>\n\t\t<\/div>\n\t\t\t\t\t\t\t<\/div>\n\t\t<\/section>\n\t\t\t\t\t<\/div>\n\t\t<\/div>\n\t\t\t\t<div class=\"elementor-column elementor-col-66 elementor-top-column elementor-element elementor-element-06dca2c\" data-id=\"06dca2c\" data-element_type=\"column\">\n\t\t\t<div class=\"elementor-widget-wrap elementor-element-populated\">\n\t\t\t\t\t\t\t\t<section class=\"elementor-section elementor-inner-section elementor-element elementor-element-2d367d0 elementor-section-boxed elementor-section-height-default elementor-section-height-default\" data-id=\"2d367d0\" data-element_type=\"section\">\n\t\t\t\t\t\t<div class=\"elementor-container elementor-column-gap-default\">\n\t\t\t\t\t<div class=\"elementor-column elementor-col-100 elementor-inner-column elementor-element elementor-element-ba4c8b8\" data-id=\"ba4c8b8\" data-element_type=\"column\" data-settings=\"{&quot;background_background&quot;:&quot;classic&quot;}\">\n\t\t\t<div class=\"elementor-widget-wrap elementor-element-populated\">\n\t\t\t\t\t\t\t\t<div class=\"elementor-element elementor-element-7b38bb3 elementor-widget elementor-widget-text-editor\" data-id=\"7b38bb3\" data-element_type=\"widget\" data-widget_type=\"text-editor.default\">\n\t\t\t\t<div class=\"elementor-widget-container\">\n\t\t\t<style>\/*! elementor - v3.10.0 - 09-01-2023 *\/\n.elementor-widget-text-editor.elementor-drop-cap-view-stacked .elementor-drop-cap{background-color:#818a91;color:#fff}.elementor-widget-text-editor.elementor-drop-cap-view-framed .elementor-drop-cap{color:#818a91;border:3px solid;background-color:transparent}.elementor-widget-text-editor:not(.elementor-drop-cap-view-default) .elementor-drop-cap{margin-top:8px}.elementor-widget-text-editor:not(.elementor-drop-cap-view-default) .elementor-drop-cap-letter{width:1em;height:1em}.elementor-widget-text-editor .elementor-drop-cap{float:right;text-align:center;line-height:1;font-size:50px}.elementor-widget-text-editor .elementor-drop-cap-letter{display:inline-block}<\/style>\t\t\t\t<p>\u0648\u0644\u062f \u0641\u064a \u0642\u0648\u0646\u064a\u0627 \u0639\u0627\u0645 1969 . \u062d\u0635\u0644 \u0639\u0644\u0649 \u0634\u0647\u0627\u062f\u0629 \u0627\u0644\u0637\u0628 \u0645\u0646 \u062c\u0627\u0645\u0639\u0629 \u0623\u0646\u0642\u0631\u0629 \u0639\u0627\u0645 1993. \u062a\u062e\u0635\u0651\u0635 \u0641\u064a \u0627\u0644\u062c\u0631\u0627\u062d\u0629 \u0627\u0644\u0628\u0648\u0644\u064a\u0629 \u0641\u064a \u062c\u0627\u0645\u0639\u0629 Turgut Ozal \u0639\u0627\u0645 1998. \u0639\u0645\u0644 \u0643\u0623\u062e\u0635\u0627\u0626\u064a \u062c\u0631\u0627\u062d\u0629 \u0628\u0648\u0644\u064a\u0629 \u0641\u064a \u0627\u0644\u0639\u062f\u064a\u062f \u0645\u0646 \u0627\u0644\u0623\u0645\u0627\u0643\u0646 \u0641\u064a\u00a0 Kirsehir, Seydisehir and Konya \u0648\u0628\u0639\u062f \u0639\u0627\u0645 1999 \u0628\u062f\u0623 \u0628\u0627\u0644\u0639\u0645\u0644 \u0643\u0623\u062e\u0635\u0627\u0626\u064a \u062c\u0631\u0627\u062d\u0629 \u0628\u0648\u0644\u064a\u0629 \u0648\u062a\u0646\u0627\u0633\u0644\u064a\u0629 \u0641\u064a \u0645\u0631\u0643\u0632 \u0642\u0648\u0646\u064a\u0627 \u0644\u0623\u0637\u0641\u0627\u0644 \u0627\u0644\u0623\u0646\u0627\u0628\u064a\u0628 .<\/p><p>\u0647\u0648 \u0639\u0636\u0648 \u0641\u0640\u0640\u0640\u0640\u064a :<\/p><p>\u0627\u0644\u062c\u0645\u0639\u064a\u0629 \u0627\u0644\u062a\u0631\u0643\u064a\u0629 \u0644\u062c\u0631\u0627\u062d\u064a\u0651 \u0627\u0644\u0628\u0648\u0644\u064a\u0629<\/p><p>\u062c\u0645\u0639\u064a\u0629 \u062c\u0631\u0627\u062d\u0629 \u0627\u0644\u0645\u0633\u0627\u0644\u0643 \u0627\u0644\u0628\u0648\u0644\u064a\u0629 \u0644\u0644\u0623\u0637\u0641\u0627\u0644<\/p><p>\u062c\u0645\u0639\u064a\u0629 \u0639\u0642\u0645 \u0627\u0644\u0630\u0643\u0648\u0631\u064a \u0627\u0644\u062a\u0631\u0643\u064a\u0629<\/p><p>\u0627\u0644\u062c\u0645\u0639\u064a\u0629 \u0627\u0644\u0639\u0627\u0645\u0629 \u0644\u0639\u0644\u0627\u062c \u0633\u0644\u0633 \u0627\u0644\u0628\u0648\u0644<\/p><p>\u0627\u0644\u062c\u0645\u0639\u064a\u0629 \u0627\u0644\u0639\u0627\u0645\u0629 \u0644\u0623\u0648\u0631\u0627\u0645 \u0627\u0644\u062c\u0647\u0627\u0632 \u0627\u0644\u0628\u0648\u0644\u064a<\/p><p>\u0639\u0636\u0648 \u0641\u0639\u0651\u0640\u0627\u0644 \u0641\u064a \u0627\u0644\u0631\u0627\u0628\u0637\u0629 \u0627\u0644\u0623\u0648\u0631\u0648\u0628\u064a\u0629 \u0644\u0623\u0637\u0641\u0627\u0644 \u0627\u0644\u062c\u0631\u0627\u062d\u0629 \u0627\u0644\u0623\u0648\u0631\u0648\u0628\u064a\u0629<\/p><p>\u0627\u0644\u062c\u0645\u0639\u064a\u0629 \u0627\u0644\u0623\u0648\u0631\u0648\u0628\u064a\u0629 \u0644\u0644\u0637\u0628 \u0627\u0644\u062a\u0646\u0627\u0633\u0644\u064a<\/p>\t\t\t\t\t\t<\/div>\n\t\t\t\t<\/div>\n\t\t\t\t\t<\/div>\n\t\t<\/div>\n\t\t\t\t\t\t\t<\/div>\n\t\t<\/section>\n\t\t\t\t\t<\/div>\n\t\t<\/div>\n\t\t\t\t\t\t\t<\/div>\n\t\t<\/section>\n\t\t\t\t\t\t\t<\/div>\n\t\t","protected":false},"excerpt":{"rendered":"<p>\u0627\u0644\u062f\u0643\u062a\u0648\u0631 \u0623\u062d\u0645\u062f \u0634\u0644\u0641\u0627\u0631\u0633\u064a \u0623\u062e\u0635\u0627\u0626\u064a \u0623\u0645\u0631\u0627\u0636 \u0627\u0644\u0646\u0633\u0627\u0621 \u0648\u0623\u0637\u0641\u0627\u0644 \u0627\u0644\u0623\u0646\u0627\u0628\u064a\u0628 \u0648\u0644\u062f \u0641\u064a \u0642\u0648\u0646\u064a\u0627 \u0639\u0627\u0645 1969 . \u062d\u0635\u0644 \u0639\u0644\u0649 \u0634\u0647\u0627\u062f\u0629 \u0627\u0644\u0637\u0628 \u0645\u0646 \u062c\u0627\u0645\u0639\u0629 \u0623\u0646\u0642\u0631\u0629 \u0639\u0627\u0645 1993. \u062a\u062e\u0635\u0651\u0635 \u0641\u064a \u0627\u0644\u062c\u0631\u0627\u062d\u0629 \u0627\u0644\u0628\u0648\u0644\u064a\u0629 \u0641\u064a \u062c\u0627\u0645\u0639\u0629 Turgut Ozal \u0639\u0627\u0645 1998. \u0639\u0645\u0644 \u0643\u0623\u062e\u0635\u0627\u0626\u064a \u062c\u0631\u0627\u062d\u0629 \u0628\u0648\u0644\u064a\u0629 \u0641\u064a \u0627\u0644\u0639\u062f\u064a\u062f \u0645\u0646 \u0627\u0644\u0623\u0645\u0627\u0643\u0646 \u0641\u064a\u00a0 Kirsehir, Seydisehir and Konya \u0648\u0628\u0639\u062f \u0639\u0627\u0645 1999 \u0628\u062f\u0623 \u0628\u0627\u0644\u0639\u0645\u0644 \u0643\u0623\u062e\u0635\u0627\u0626\u064a \u062c\u0631\u0627\u062d\u0629 \u0628\u0648\u0644\u064a\u0629 \u0648\u062a\u0646\u0627\u0633\u0644\u064a\u0629 [&hellip;]<\/p>\n","protected":false},"author":1,"featured_media":0,"parent":0,"menu_order":0,"comment_status":"open","ping_status":"closed","template":"","meta":{"footnotes":""},"aioseo_notices":[],"_links":{"self":[{"href":"https:\/\/novafertil.com\/ar\/wp-json\/wp\/v2\/pages\/3896"}],"collection":[{"href":"https:\/\/novafertil.com\/ar\/wp-json\/wp\/v2\/pages"}],"about":[{"href":"https:\/\/novafertil.com\/ar\/wp-json\/wp\/v2\/types\/page"}],"author":[{"embeddable":true,"href":"https:\/\/novafertil.com\/ar\/wp-json\/wp\/v2\/users\/1"}],"replies":[{"embeddable":true,"href":"https:\/\/novafertil.com\/ar\/wp-json\/wp\/v2\/comments?post=3896"}],"version-history":[{"count":7,"href":"https:\/\/novafertil.com\/ar\/wp-json\/wp\/v2\/pages\/3896\/revisions"}],"predecessor-version":[{"id":8370,"href":"https:\/\/novafertil.com\/ar\/wp-json\/wp\/v2\/pages\/3896\/revisions\/8370"}],"wp:attachment":[{"href":"https:\/\/novafertil.com\/ar\/wp-json\/wp\/v2\/media?parent=3896"}],"curies":[{"name":"wp","href":"https:\/\/api.w.org\/{rel}","templated":true}]}}