{"id":3667,"date":"2021-08-09T16:18:42","date_gmt":"2021-08-09T13:18:42","guid":{"rendered":"http:\/\/localhost\/novafertil\/?page_id=3667"},"modified":"2022-09-28T17:45:33","modified_gmt":"2022-09-28T14:45:33","slug":"almuasasat-almutaeaqad-ealayha","status":"publish","type":"page","link":"https:\/\/novafertil.com\/ar\/almuasasat-almutaeaqad-ealayha\/","title":{"rendered":"\u0627\u0644\u0645\u0624\u0633\u0633\u0627\u062a \u0627\u0644\u0645\u062a\u0639\u0627\u0642\u062f\u0629"},"content":{"rendered":"\t\t<div data-elementor-type=\"wp-post\" data-elementor-id=\"3667\" class=\"elementor elementor-3667\">\n\t\t\t\t\t\t\t\t\t<section class=\"elementor-section elementor-top-section elementor-element elementor-element-56c94d7 elementor-section-stretched elementor-section-boxed elementor-section-height-default elementor-section-height-default\" data-id=\"56c94d7\" data-element_type=\"section\" data-settings=\"{&quot;stretch_section&quot;:&quot;section-stretched&quot;}\">\n\t\t\t\t\t\t<div class=\"elementor-container elementor-column-gap-default\">\n\t\t\t\t\t<div class=\"elementor-column elementor-col-50 elementor-top-column elementor-element elementor-element-970b45f\" data-id=\"970b45f\" data-element_type=\"column\">\n\t\t\t<div class=\"elementor-widget-wrap elementor-element-populated\">\n\t\t\t\t\t\t\t\t<div class=\"elementor-element elementor-element-f54ad06 elementor-invisible elementor-widget elementor-widget-heading\" data-id=\"f54ad06\" data-element_type=\"widget\" data-settings=\"{&quot;_animation&quot;:&quot;fadeInDown&quot;}\" data-widget_type=\"heading.default\">\n\t\t\t\t<div class=\"elementor-widget-container\">\n\t\t\t<style>\/*! elementor - v3.10.0 - 09-01-2023 *\/\n.elementor-heading-title{padding:0;margin:0;line-height:1}.elementor-widget-heading .elementor-heading-title[class*=elementor-size-]>a{color:inherit;font-size:inherit;line-height:inherit}.elementor-widget-heading .elementor-heading-title.elementor-size-small{font-size:15px}.elementor-widget-heading .elementor-heading-title.elementor-size-medium{font-size:19px}.elementor-widget-heading .elementor-heading-title.elementor-size-large{font-size:29px}.elementor-widget-heading .elementor-heading-title.elementor-size-xl{font-size:39px}.elementor-widget-heading .elementor-heading-title.elementor-size-xxl{font-size:59px}<\/style><h1 class=\"elementor-heading-title elementor-size-default\">\u0627\u0644\u0645\u0624\u0633\u0633\u0627\u062a \u0627\u0644\u0645\u062a\u0639\u0627\u0642\u062f\u0629<\/h1>\t\t<\/div>\n\t\t\t\t<\/div>\n\t\t\t\t<div class=\"elementor-element elementor-element-d5ed477 elementor-widget elementor-widget-image\" data-id=\"d5ed477\" data-element_type=\"widget\" data-widget_type=\"image.default\">\n\t\t\t\t<div class=\"elementor-widget-container\">\n\t\t\t<style>\/*! elementor - v3.10.0 - 09-01-2023 *\/\n.elementor-widget-image{text-align:center}.elementor-widget-image a{display:inline-block}.elementor-widget-image a img[src$=\".svg\"]{width:48px}.elementor-widget-image img{vertical-align:middle;display:inline-block}<\/style>\t\t\t\t\t\t\t\t\t\t\t\t<img loading=\"lazy\" decoding=\"async\" width=\"503\" height=\"330\" src=\"https:\/\/novafertil.com\/ar\/wp-content\/uploads\/sites\/3\/2021\/08\/hakkimizda.png\" class=\"attachment-large size-large wp-image-3617\" alt=\"Nova Fertil T\u00fcp Bebek Merkezi\" srcset=\"https:\/\/novafertil.com\/ar\/wp-content\/uploads\/sites\/3\/2021\/08\/hakkimizda.png 503w, https:\/\/novafertil.com\/ar\/wp-content\/uploads\/sites\/3\/2021\/08\/hakkimizda-300x197.png 300w\" sizes=\"(max-width: 503px) 100vw, 503px\" \/>\t\t\t\t\t\t\t\t\t\t\t\t\t\t\t<\/div>\n\t\t\t\t<\/div>\n\t\t\t\t<div class=\"elementor-element elementor-element-ac65d99 elementor-invisible elementor-widget elementor-widget-text-editor\" data-id=\"ac65d99\" data-element_type=\"widget\" data-settings=\"{&quot;_animation&quot;:&quot;fadeIn&quot;}\" data-widget_type=\"text-editor.default\">\n\t\t\t\t<div class=\"elementor-widget-container\">\n\t\t\t<style>\/*! elementor - v3.10.0 - 09-01-2023 *\/\n.elementor-widget-text-editor.elementor-drop-cap-view-stacked .elementor-drop-cap{background-color:#818a91;color:#fff}.elementor-widget-text-editor.elementor-drop-cap-view-framed .elementor-drop-cap{color:#818a91;border:3px solid;background-color:transparent}.elementor-widget-text-editor:not(.elementor-drop-cap-view-default) .elementor-drop-cap{margin-top:8px}.elementor-widget-text-editor:not(.elementor-drop-cap-view-default) .elementor-drop-cap-letter{width:1em;height:1em}.elementor-widget-text-editor .elementor-drop-cap{float:right;text-align:center;line-height:1;font-size:50px}.elementor-widget-text-editor .elementor-drop-cap-letter{display:inline-block}<\/style>\t\t\t\t<p>\u0627\u0644\u0627\u062c\u062a\u0645\u0627\u0639\u064a\u0629<\/p><p>\u0645\u0627 \u0647\u064a \u0627\u0644\u0634\u0631\u0648\u0637 \u0627\u0644\u0644\u0627\u0632\u0645\u0629 \u0644\u062a\u0644\u0642\u064a \u0627\u0644\u062f\u0639\u0645 \u0633\u0643 \u0641\u064a \u0639\u0644\u0627\u062c \u0627\u0644\u062a\u0644\u0642\u064a\u062d \u0627\u0644\u0627\u0635\u0637\u0646\u0627\u0639\u064a?\u00a0\u00a0\u00a0<\/p><p>\u064a\u062c\u0628 \u0623\u0646 \u064a\u0643\u0648\u0646 \u0627\u0644\u0645\u062a\u0642\u062f\u0645\u0648\u0646 \u0623\u0643\u0628\u0631 \u0645\u0646 23 \u0639\u0627\u0645\u0627 \u060c \u0648\u0623\u0635\u063a\u0631 \u0645\u0646 40 \u0639\u0627\u0645\u0627.<br \/>\u0627\u0644\u0632\u0648\u0627\u062c \u0644\u0645\u062f\u0629 3 \u0633\u0646\u0648\u0627\u062a (\u0634\u0631\u0637 \u0627\u0644\u0632\u0648\u0627\u062c \u0644\u0645\u062f\u0629 3 \u0633\u0646\u0648\u0627\u062a \u063a\u064a\u0631 \u0645\u0637\u0644\u0648\u0628 \u0644\u0645\u0631\u0636\u0649 \u0641\u0642\u062f \u0627\u0644\u0646\u0637\u0627\u0641)<br \/>\u0639\u062f\u0645 \u0648\u062c\u0648\u062f \u0623\u0637\u0641\u0627\u0644 \u0645\u0646 \u0632\u0648\u0627\u062c \u0645\u0634\u062a\u0631\u0643<br \/>\u064a\u062c\u0628 \u0623\u0646 \u064a\u0643\u0648\u0646 \u0644\u062f\u0649 \u0627\u0644\u0634\u062e\u0635 \u0627\u0644\u0630\u064a \u0633\u064a\u062a\u0644\u0642\u0649 \u0627\u0644\u0639\u0644\u0627\u062c \u062a\u0623\u0645\u064a\u0646 \u0635\u062d\u064a \u0639\u0627\u0645 \u0644\u0645\u062f\u0629 \u062e\u0645\u0633 \u0633\u0646\u0648\u0627\u062a \u0639\u0644\u0649 \u0627\u0644\u0623\u0642\u0644 \u0623\u0648 \u0623\u0646 \u064a\u0643\u0648\u0646 \u0645\u0639\u0627\u0644\u0627 \u0644\u0644\u0634\u062e\u0635 \u0627\u0644\u0645\u0624\u0645\u0646 \u0639\u0644\u064a\u0647. \u0625\u0630\u0627 \u0643\u0627\u0646\u062a \u0627\u0644\u0645\u0631\u0623\u0629 \u0644\u0627 \u062a\u0639\u0645\u0644 \u060c \u064a\u062c\u0628 \u0623\u0646 \u064a\u0643\u0648\u0646 \u0644\u0632\u0648\u062c\u0647\u0627 \u0642\u0633\u0637 \u062a\u0623\u0645\u064a\u0646 \u0635\u062d\u064a \u0639\u0627\u0645 \u0644\u0645\u062f\u0629 900 \u064a\u0648\u0645 \u0639\u062f\u062f \u0627\u0644\u0623\u064a\u0627\u0645.(\u064a\u062c\u0628 \u0623\u0646 \u064a\u0643\u0648\u0646 \u0642\u062f \u0646\u0627\u0645 \u062e\u0644\u0627\u0644 \u0627\u0644\u0623\u0634\u0647\u0631 \u0627\u0644\u0633\u062a\u0629 \u0627\u0644\u0645\u0627\u0636\u064a\u0629 \u062f\u0648\u0646 \u0627\u0646\u0642\u0637\u0627\u0639.)<br \/>\u0628\u0639\u062f \u0623\u0646 \u062a\u0645 \u062a\u0637\u0639\u064a\u0645\u0647\u0645 \u0645\u0631\u062a\u064a\u0646.(\u0627\u0644\u0634\u0631\u0648\u0637 \u0627\u0644\u062a\u064a \u0644\u0645 \u064a\u062a\u0645 \u0627\u0644\u0628\u062d\u062b \u0639\u0646 \u062a\u0642\u0631\u064a\u0631 \u0627\u0644\u062a\u0637\u0639\u064a\u0645 \u0644\u0647\u0627 \u0647\u064a \u0641\u0642\u062f \u0627\u0644\u0646\u0637\u0627\u0641 \u0623\u0648 \u0627\u0646\u062e\u0641\u0627\u0636 \u0627\u062d\u062a\u064a\u0627\u0637\u064a \u0627\u0644\u0645\u0628\u064a\u0636 \u0623\u0648 \u0627\u0644\u0639\u0642\u0645 \u0639\u0627\u0645\u0644 \u0627\u0644\u0628\u0648\u0642\u064a (\u0633\u064a\u062a\u0645 \u062a\u0648\u062b\u064a\u0642\u0647 \u0645\u0639 \u0647\u0633\u063a.)<br \/>\u0628\u0639\u062f \u0625\u062c\u0631\u0627\u0621 \u0627\u0644\u0639\u0644\u0627\u062c\u0627\u062a \u0627\u0644\u0637\u0628\u064a\u0629 \u060c \u064a\u062c\u0628 \u0627\u0644\u062d\u0635\u0648\u0644 \u0639\u0644\u0649 \u062a\u0642\u0631\u064a\u0631 \u0645\u0646 \u0645\u062c\u0644\u0633 \u0627\u0644\u0635\u062d\u0629 \u064a\u0646\u0635 \u0639\u0644\u0649 \u0623\u0646\u0647 \u0645\u0646 \u0627\u0644\u0645\u0633\u062a\u062d\u064a\u0644 \u0625\u0646\u062c\u0627\u0628 \u0623\u0637\u0641\u0627\u0644 \u0628\u0623\u0633\u0627\u0644\u064a\u0628 \u0639\u0627\u062f\u064a\u0629 \u0648\u0623\u0646 \u0623\u0648\u0644\u0626\u0643 \u0627\u0644\u0630\u064a\u0646 \u0644\u062f\u064a\u0647\u0645 \u0623\u0637\u0641\u0627\u0644 \u0628\u0623\u0633\u0627\u0644\u064a\u0628 \u0625\u0646\u062c\u0627\u0628\u064a\u0629 \u0645\u0633\u0627\u0639\u062f\u0629 \u0647\u0645 \u0648\u062d\u062f\u0647\u0645 \u0627\u0644\u0630\u064a\u0646 \u064a\u0645\u0643\u0646\u0647\u0645 \u0625\u0646\u062c\u0627\u0628 \u0623\u0637\u0641\u0627\u0644.<\/p><p>\u0627\u0644\u0645\u0633\u062a\u0646\u062f\u0627\u062a \u0627\u0644\u0645\u0637\u0644\u0648\u0628\u0629<\/p><p>\u0630\u0643\u0631-\u0623\u0646\u062b\u0649 \u0627\u0644\u0635\u0648\u0631\u0629 (2 \u0642\u0637\u0639\u0629 \u0644\u0643\u0644 \u0645\u0646\u0647\u0645\u0627)<br \/>\u0630\u0643\u0631-\u0623\u0646\u062b\u0649 \u0646\u0633\u062e\u0629 \u0627\u0644\u0647\u0648\u064a\u0629 (2 \u0642\u0637\u0639\u0629)<br \/>\u0639\u064a\u0646\u0629 \u062a\u0633\u062c\u064a\u0644 \u0627\u0644\u0633\u0643\u0627\u0646 \u0627\u0644\u0645\u0633\u062c\u0644\u064a\u0646 \u0646\u064a\u0627\u0628\u0629 \u0639\u0646 \u0627\u0644\u0633\u064a\u062f \u0648\u0627\u0644\u0633\u064a\u062f\u0629 (2 \u0642\u0637\u0639\u0629 \u0644\u0643\u0644 \u0645\u0646\u0647\u0645\u0627 (\u0625\u0630\u0627 \u062a\u0645 \u0623\u062e\u0630 \u0627\u0644\u0628\u0631\u064a\u062f \u0645\u0646 \u0627\u0644\u062f\u0648\u0644\u0629 \u060c \u064a\u062c\u0628 \u0623\u0646 \u062a\u0643\u0648\u0646 \u0645\u0634\u0641\u0631\u0629 \u0645\u0631\u0628\u0639)<br \/>\u0623\u0648\u0644 3 \u0635\u0641\u062d\u0627\u062a \u0645\u0646 \u0635\u0648\u0631\u0629 \u0648\u062b\u064a\u0642\u0629 \u0627\u0644\u0632\u0648\u0627\u062c (2 \u0642\u0637\u0639\u0629)<br \/>\u064a\u062c\u0628 \u0623\u0646 \u064a\u0643\u0648\u0646 \u0647\u0646\u0627\u0643 \u0639\u0644\u0649 \u0627\u0644\u0623\u0642\u0644 15 \u0623\u064a\u0627\u0645 \u0627\u0644\u0641\u0631\u0642 \u0628\u064a\u0646 3 \u0645\u062e\u062a\u0644\u0641\u0629 \u0627\u0644\u062d\u0628\u0648\u0628 \u0627\u0644\u062d\u064a\u0648\u0627\u0646\u0627\u062a \u0627\u0644\u0645\u0646\u0648\u064a\u0629 \u0645\u0624\u0631\u062e\u0629 \u0645\u0646 \u0622\u062e\u0631 1 \u0639\u0627\u0645 (2 \u0646\u0641\u0633 \u0627\u0644\u062d\u0634\u0645\u0629 1 \u0645\u0631\u0643\u0632 \u0645\u062e\u062a\u0644\u0641)<br \/>\u0627\u0646\u0647\u064a\u0627\u0631 \u062e\u062f\u0645\u0629 \u0633\u0633\u0643 (\u064a\u0648\u0644\u064a\u0648 2) \u060c \u0643\u0634\u0648\u0641 \u0631\u0648\u0627\u062a\u0628 \u0635\u0646\u062f\u0648\u0642 \u0627\u0644\u062a\u0642\u0627\u0639\u062f \u0645\u062e\u062a\u0648\u0645\u0629 \u060c \u0645\u0648\u0642\u0639\u0629 (\u064a\u0648\u0644\u064a\u0648 2) \u060c \u0627\u0646\u0647\u064a\u0627\u0631 \u062e\u062f\u0645\u0629 \u0628\u0627\u0643\u0648\u0631 (\u064a\u0648\u0644\u064a\u0648 2) &#8211; \u064a\u0631\u062c\u0649 \u062a\u0642\u062f\u064a\u0645\u0647\u0627 \u0625\u0644\u0649 \u0623\u064a \u0645\u0624\u0633\u0633\u0629 \u062a\u0627\u0628\u0639\u0629 \u0644\u0643.<br \/>\u0642\u0627\u0626\u0645\u0629 \u0627\u0644\u0623\u062f\u0648\u064a\u0629<br \/>\u064a\u0637\u0644\u0628 \u0645\u0646 \u0639\u0645\u0644\u0627\u0626\u0643 \u0627\u0644\u0630\u064a\u0646 \u0623\u0635\u062f\u0631\u0648\u0627 \u062a\u0642\u0631\u064a\u0631\u0627 \u0645\u0639 \u062d\u0627\u0644\u0629 \u0623\u0648\u0641\u064a\u0631\u0645\u0648\u0646 \u064a\u0648\u0644\u064a\u0648 \u062a\u0642\u062f\u064a\u0645 \u0627\u0644\u062a\u0637\u0639\u064a\u0645 \u0631\u0648\u0628\u0627\u0631.<\/p><p>\u0647\u0633\u063a (\u0641\u064a\u0644\u0645 \u0627\u0644\u0631\u062d\u0645) \u0645\u0646 \u0627\u0644\u0625\u0646\u0627\u062b \u0644\u062f\u064a\u0646\u0627 \u0639\u0627\u0645\u0644 \u0627\u0644\u0639\u0642\u0645 \u0627\u0644\u0645\u0631\u0636\u0649<\/p>\t\t\t\t\t\t<\/div>\n\t\t\t\t<\/div>\n\t\t\t\t\t<\/div>\n\t\t<\/div>\n\t\t\t\t<div class=\"elementor-column elementor-col-50 elementor-top-column elementor-element elementor-element-c294493\" data-id=\"c294493\" data-element_type=\"column\">\n\t\t\t<div class=\"elementor-widget-wrap elementor-element-populated\">\n\t\t\t\t\t\t\t\t<div class=\"elementor-element elementor-element-5b2a9ec elementor-invisible elementor-widget elementor-widget-text-editor\" data-id=\"5b2a9ec\" data-element_type=\"widget\" data-settings=\"{&quot;_animation&quot;:&quot;fadeIn&quot;}\" data-widget_type=\"text-editor.default\">\n\t\t\t\t<div class=\"elementor-widget-container\">\n\t\t\t\t\t\t\t<ul><li><strong>TES -\u0130\u015e SEND\u0130KASI<\/strong><\/li><li><strong>DS\u0130<\/strong><\/li><li><strong>TEDA\u015e<\/strong><\/li><li><strong>TE\u0130A\u015e<\/strong><\/li><li><strong>E\u00dcA\u015e<\/strong><\/li><li><strong>\u0130LBANK<\/strong><\/li><li><strong>MEDA\u015e<\/strong><\/li><li><strong>ALLEN ENERJ\u0130<\/strong><\/li><li><strong>SULAMA B\u0130RL\u0130KLER\u0130<\/strong><\/li><li><strong>\u0130LKSAN<\/strong><\/li><li><strong>\u0130lkokul \u00f6\u011fretmenleri Sa\u011fl\u0131k ve Sosyal Yard\u0131m Sand\u0131\u011f\u0131<\/strong><\/li><li><strong>\u0130MAD-DER<\/strong><\/li><li><strong>\u0130nfertilite ile m\u00fccadele ara\u015ft\u0131rma ve dayan\u0131\u015fma derne\u011fi<\/strong><\/li><li><strong>ADALET-SEN<\/strong><\/li><li><strong>Adliye \u00c7al\u0131\u015fanlar\u0131<\/strong><\/li><li><strong>KAMU-SEN<\/strong><\/li><li><strong>T\u00fcrk b\u00fcro sen <\/strong><\/li><li><strong>T\u00fcrk E\u011fitim sen<\/strong><\/li><li><strong>T\u00fcrk Sa\u011fl\u0131k sen\u00a0 <\/strong><\/li><li><strong>T\u00fcrk Yerel hizmet sen <\/strong><\/li><li><strong>T\u00fcrkiye Diyanet Vak\u0131f sen<\/strong><\/li><li><strong>T\u00fcrk T\u00fcr\u0131m Orman Sen <\/strong><\/li><li><strong>T\u00fcrk Haber sen<\/strong><\/li><li><strong>T\u00fcrk K\u00fclt\u00fcr sen<\/strong><\/li><li><strong>T\u00fcrk Emekli sen\u00a0\u00a0\u00a0\u00a0\u00a0\u00a0\u00a0\u00a0\u00a0<\/strong><\/li><li><strong>K\u0131br\u0131s T\u00fcrk Memur sen<\/strong><\/li><li><strong>T\u00fcrk ula\u015f\u0131m sen <\/strong><\/li><li><strong>T\u00fcrk \u0130mar sen<\/strong><\/li><li><strong>T\u00fcrk Enerji sen \u00a0 \u00a0 \u00a0 \u00a0\u00a0<\/strong><\/li><\/ul>\t\t\t\t\t\t<\/div>\n\t\t\t\t<\/div>\n\t\t\t\t\t<\/div>\n\t\t<\/div>\n\t\t\t\t\t\t\t<\/div>\n\t\t<\/section>\n\t\t\t\t\t\t\t<\/div>\n\t\t","protected":false},"excerpt":{"rendered":"<p>\u0627\u0644\u0645\u0624\u0633\u0633\u0627\u062a \u0627\u0644\u0645\u062a\u0639\u0627\u0642\u062f\u0629 \u0627\u0644\u0627\u062c\u062a\u0645\u0627\u0639\u064a\u0629 \u0645\u0627 \u0647\u064a \u0627\u0644\u0634\u0631\u0648\u0637 \u0627\u0644\u0644\u0627\u0632\u0645\u0629 \u0644\u062a\u0644\u0642\u064a \u0627\u0644\u062f\u0639\u0645 \u0633\u0643 \u0641\u064a \u0639\u0644\u0627\u062c \u0627\u0644\u062a\u0644\u0642\u064a\u062d \u0627\u0644\u0627\u0635\u0637\u0646\u0627\u0639\u064a?&nbsp;&nbsp;&nbsp; \u064a\u062c\u0628 \u0623\u0646 \u064a\u0643\u0648\u0646 \u0627\u0644\u0645\u062a\u0642\u062f\u0645\u0648\u0646 \u0623\u0643\u0628\u0631 \u0645\u0646 23 \u0639\u0627\u0645\u0627 \u060c \u0648\u0623\u0635\u063a\u0631 \u0645\u0646 40 \u0639\u0627\u0645\u0627. \u0627\u0644\u0632\u0648\u0627\u062c \u0644\u0645\u062f\u0629 3 \u0633\u0646\u0648\u0627\u062a (\u0634\u0631\u0637 \u0627\u0644\u0632\u0648\u0627\u062c \u0644\u0645\u062f\u0629 3 \u0633\u0646\u0648\u0627\u062a \u063a\u064a\u0631 \u0645\u0637\u0644\u0648\u0628 \u0644\u0645\u0631\u0636\u0649 \u0641\u0642\u062f \u0627\u0644\u0646\u0637\u0627\u0641) \u0639\u062f\u0645 \u0648\u062c\u0648\u062f \u0623\u0637\u0641\u0627\u0644 \u0645\u0646 \u0632\u0648\u0627\u062c \u0645\u0634\u062a\u0631\u0643 \u064a\u062c\u0628 \u0623\u0646 \u064a\u0643\u0648\u0646 \u0644\u062f\u0649 \u0627\u0644\u0634\u062e\u0635 \u0627\u0644\u0630\u064a \u0633\u064a\u062a\u0644\u0642\u0649 \u0627\u0644\u0639\u0644\u0627\u062c [&hellip;]<\/p>\n","protected":false},"author":1,"featured_media":0,"parent":0,"menu_order":0,"comment_status":"closed","ping_status":"closed","template":"","meta":{"footnotes":""},"aioseo_notices":[],"_links":{"self":[{"href":"https:\/\/novafertil.com\/ar\/wp-json\/wp\/v2\/pages\/3667"}],"collection":[{"href":"https:\/\/novafertil.com\/ar\/wp-json\/wp\/v2\/pages"}],"about":[{"href":"https:\/\/novafertil.com\/ar\/wp-json\/wp\/v2\/types\/page"}],"author":[{"embeddable":true,"href":"https:\/\/novafertil.com\/ar\/wp-json\/wp\/v2\/users\/1"}],"replies":[{"embeddable":true,"href":"https:\/\/novafertil.com\/ar\/wp-json\/wp\/v2\/comments?post=3667"}],"version-history":[{"count":5,"href":"https:\/\/novafertil.com\/ar\/wp-json\/wp\/v2\/pages\/3667\/revisions"}],"predecessor-version":[{"id":8543,"href":"https:\/\/novafertil.com\/ar\/wp-json\/wp\/v2\/pages\/3667\/revisions\/8543"}],"wp:attachment":[{"href":"https:\/\/novafertil.com\/ar\/wp-json\/wp\/v2\/media?parent=3667"}],"curies":[{"name":"wp","href":"https:\/\/api.w.org\/{rel}","templated":true}]}}