{"id":133,"date":"2018-11-07T12:33:51","date_gmt":"2018-11-07T12:33:51","guid":{"rendered":"http:\/\/localhost\/novafertil\/?page_id=133"},"modified":"2022-09-24T17:24:48","modified_gmt":"2022-09-24T14:24:48","slug":"hakkimizda","status":"publish","type":"page","link":"https:\/\/novafertil.com\/ar\/hakkimizda\/","title":{"rendered":"\u0647\u062f\u0641\u0646\u0627"},"content":{"rendered":"\t\t<div data-elementor-type=\"wp-post\" data-elementor-id=\"133\" class=\"elementor elementor-133\">\n\t\t\t\t\t\t\t\t\t<section class=\"elementor-section elementor-top-section elementor-element elementor-element-17ba9fa elementor-section-content-top elementor-section-boxed elementor-section-height-default elementor-section-height-default\" data-id=\"17ba9fa\" data-element_type=\"section\">\n\t\t\t\t\t\t<div class=\"elementor-container elementor-column-gap-default\">\n\t\t\t\t\t<div class=\"elementor-column elementor-col-50 elementor-top-column elementor-element elementor-element-9cbfadb\" data-id=\"9cbfadb\" data-element_type=\"column\">\n\t\t\t<div class=\"elementor-widget-wrap elementor-element-populated\">\n\t\t\t\t\t\t\t\t<div class=\"elementor-element elementor-element-2bc8e78 elementor-invisible elementor-widget elementor-widget-heading\" data-id=\"2bc8e78\" data-element_type=\"widget\" data-settings=\"{&quot;_animation&quot;:&quot;fadeInDown&quot;}\" data-widget_type=\"heading.default\">\n\t\t\t\t<div class=\"elementor-widget-container\">\n\t\t\t<style>\/*! elementor - v3.10.0 - 09-01-2023 *\/\n.elementor-heading-title{padding:0;margin:0;line-height:1}.elementor-widget-heading .elementor-heading-title[class*=elementor-size-]>a{color:inherit;font-size:inherit;line-height:inherit}.elementor-widget-heading .elementor-heading-title.elementor-size-small{font-size:15px}.elementor-widget-heading .elementor-heading-title.elementor-size-medium{font-size:19px}.elementor-widget-heading .elementor-heading-title.elementor-size-large{font-size:29px}.elementor-widget-heading .elementor-heading-title.elementor-size-xl{font-size:39px}.elementor-widget-heading .elementor-heading-title.elementor-size-xxl{font-size:59px}<\/style><h2 class=\"elementor-heading-title elementor-size-default\">\u0647\u062f\u0641\u0646\u0627<\/h2>\t\t<\/div>\n\t\t\t\t<\/div>\n\t\t\t\t<div class=\"elementor-element elementor-element-c6c8522 elementor-hidden-desktop elementor-hidden-tablet elementor-hidden-mobile elementor-invisible elementor-widget elementor-widget-text-editor\" data-id=\"c6c8522\" data-element_type=\"widget\" data-settings=\"{&quot;_animation&quot;:&quot;fadeIn&quot;}\" data-widget_type=\"text-editor.default\">\n\t\t\t\t<div class=\"elementor-widget-container\">\n\t\t\t<style>\/*! elementor - v3.10.0 - 09-01-2023 *\/\n.elementor-widget-text-editor.elementor-drop-cap-view-stacked .elementor-drop-cap{background-color:#818a91;color:#fff}.elementor-widget-text-editor.elementor-drop-cap-view-framed .elementor-drop-cap{color:#818a91;border:3px solid;background-color:transparent}.elementor-widget-text-editor:not(.elementor-drop-cap-view-default) .elementor-drop-cap{margin-top:8px}.elementor-widget-text-editor:not(.elementor-drop-cap-view-default) .elementor-drop-cap-letter{width:1em;height:1em}.elementor-widget-text-editor .elementor-drop-cap{float:right;text-align:center;line-height:1;font-size:50px}.elementor-widget-text-editor .elementor-drop-cap-letter{display:inline-block}<\/style>\t\t\t\t<p>Novafertil Konya t\u00fcp bebek merkezi, \u00e7ocuk iste\u011fi ger\u00e7ekle\u015fmeyen \u00e7iftlerin tan\u0131 ve tedavisi amac\u0131yla kurulmu\u015f bir merkezdir. T\u00fcp bebek tedavisine ba\u015fvurmak isteyen \u00e7iftler g\u00f6n\u00fcl rahatl\u0131\u011f\u0131 ile t\u00fcp bebek merkezlerimizi ziyaret edebilir.<\/p>\t\t\t\t\t\t<\/div>\n\t\t\t\t<\/div>\n\t\t\t\t<div class=\"elementor-element elementor-element-88ba216 elementor-invisible elementor-widget elementor-widget-text-editor\" data-id=\"88ba216\" data-element_type=\"widget\" data-settings=\"{&quot;_animation&quot;:&quot;fadeIn&quot;}\" data-widget_type=\"text-editor.default\">\n\t\t\t\t<div class=\"elementor-widget-container\">\n\t\t\t\t\t\t\t<div class=\"kvgmc6g5 cxmmr5t8 oygrvhab hcukyx3x c1et5uql\"><div dir=\"auto\"><p>\u0628\u062f\u0623 \u0627\u0644\u0639\u0645\u0644 \u0641\u064a \u0645\u0631\u0643\u0632 \u0642\u0648\u0646\u064a\u0627 \u0644\u0623\u0637\u0641\u0627\u0644 \u0627\u0644\u0623\u0646\u0627\u0628\u064a\u0628 \u0641\u064a \u0639\u0627\u0645 2009 . \u0648 \u0625\u0646\u0646\u0627 \u0646\u0642\u062f\u0645 \u062e\u062f\u0645\u0627\u062a\u0646\u0627 \u0641\u064a \u0645\u0631\u0643\u0632 \u0642\u0648\u0646\u064a\u0627 \u0628\u0627\u0644\u0625\u0636\u0627\u0641\u0629 \u0625\u0644\u0649 \u0628\u0627\u0642\u064a \u0645\u0631\u0627\u0643\u0632 \u0646\u0648\u0641\u0627 \u0641\u064a\u0631\u062a\u0644 \u0641\u064a \u063a\u0627\u0632\u064a \u0639\u0646\u062a\u0627\u0628 \u0648\u0633\u0645\u0633\u0648\u0646 \u0648 \u0641\u064a \u0645\u0631\u0627\u0643\u0632\u0646\u0627 \u062e\u0627\u0631\u062c \u062a\u0631\u0643\u064a\u0627.<\/p><p>\u0647\u062f\u0641\u0646\u0627 \u0647\u0648 \u062e\u062f\u0645\u0629 \u0627\u0644\u0645\u0648\u0627\u0637\u0646\u064a\u0646 \u0641\u064a \u0642\u0648\u0646\u064a\u0627 \u0648\u0627\u0644\u0645\u062f\u0646 \u0627\u0644\u0623\u062e\u0631\u0649 \u0628\u062f\u0648\u0646 \u0627\u0644\u0625\u0628\u062a\u0639\u0627\u062f \u0639\u0646 \u0645\u0646\u0627\u0632\u0644\u0647\u0645 \u0648\u0623\u0639\u0645\u0627\u0644\u0647\u0645.\u00a0 \u0648\u0646\u062d\u0646 \u0646\u062e\u062f\u0645 \u0645\u0631\u0636\u0627\u0646\u0627 \u0627\u0644\u0642\u0627\u062f\u0645\u064a\u0646 \u0645\u0646 \u0643\u0644 \u0623\u0646\u062d\u0627\u0621 \u062a\u0631\u0643\u064a\u0627 \u0648 \u0627\u0644\u062d\u0635\u0648\u0644 \u0639\u0644\u0649 \u0645\u0639\u062f\u0644\u0627\u062a \u062d\u0645\u0644 \u0639\u0627\u0644\u064a\u0629 \u0648\u062a\u0623\u0645\u064a\u0646 \u0627\u0644\u0631\u0627\u062d\u0629 \u0627\u0644\u062a\u0627\u0645\u0629 \u0644\u0644\u0645\u0631\u0636\u0649.<\/p><p>\u0645\u0631\u0643\u0632 \u0646\u0648\u0641\u0627 \u0641\u064a\u0631\u062a\u0644 \u0642\u0648\u0646\u064a\u0627 \u0644\u0623\u0637\u0641\u0627\u0644 \u0627\u0644\u0623\u0646\u0627\u0628\u064a\u0628<\/p><\/div><div dir=\"auto\">\u00a0<\/div><\/div><div class=\"o9v6fnle cxmmr5t8 oygrvhab hcukyx3x c1et5uql\"><div dir=\"auto\"><p><strong>\u0623\u0647\u0644\u0627\u064b \u0648\u0633\u0647\u0644\u0627\u064b \u0628\u0643\u0645 \u0641\u064a \u0646\u0648\u0641\u0627\u0641\u064a\u0631\u062a\u0644<\/strong><\/p><p><strong>\u0627\u0644\u0631\u063a\u0628\u0629 \u0641\u064a \u0625\u0646\u062c\u0627\u0628 \u0627\u0644\u0623\u0637\u0641\u0627\u0644 \u0647\u064a \u0645\u0646 \u0623\u0643\u062b\u0631 \u0627\u0644\u0645\u0634\u0627\u0639\u0631\u0633\u0639\u0627\u062f\u0629 \u0648\u0625\u0645\u062a\u0627\u0639\u0627\u064b \u0641\u064a \u0627\u0644\u062d\u064a\u0627\u0629 \u060c \u062a\u0623\u0633\u0633\u062a \u0645\u062c\u0645\u0648\u0639\u0629 \u0646\u0648\u0641\u0627 \u0641\u064a\u0631\u062a\u0644 \u0628\u0647\u062f\u0641 \u062a\u0634\u062e\u064a\u0635 \u0648\u0645\u0639\u0627\u0644\u062c\u0629 \u0627\u0644\u0623\u0632\u0648\u0627\u062c \u0627\u0644\u0630\u064a\u0646 \u0644\u0627 \u064a\u062a\u0645\u0643\u0651\u0640\u0640\u0646\u0648\u0646 \u0645\u0646 \u0625\u0646\u062c\u0627\u0628 \u0627\u0644\u0623\u0637\u0641\u0627\u0644 \u062d\u064a\u062b \u062a\u0639\u062a\u0628\u0631 \u0645\u062c\u0645\u0648\u0639\u0629 \u0646\u0648\u0641\u0627\u0641\u064a\u0631\u062a\u0644 \u0645\u0646 \u0627\u0644\u0645\u0631\u0627\u0643\u0632 \u0627\u0644\u0645\u062a\u0642\u062f\u0645\u0629 \u0641\u064a \u0645\u062c\u0627\u0644 \u0623\u0637\u0641\u0627\u0644 \u0627\u0644\u0623\u0646\u0627\u0628\u064a\u0628 \u0641\u064a \u062a\u0631\u0643\u064a\u0627 \u0645\u0633\u062a\u062e\u062f\u0645\u0629\u064b \u0623\u0643\u062b\u0631 \u0627\u0644\u0648\u0633\u0627\u0626\u0644 \u062a\u0642\u062f\u0645\u0627\u064b \u0645\u0646 \u0627\u0644\u0646\u0627\u062d\u064a\u0629 \u0627\u0644\u0633\u0631\u064a\u0631\u064a\u0629 \u0648\u0627\u0644\u0645\u062e\u0628\u0631\u064a\u0629 \u0636\u0645\u0646 \u0627\u0644\u0625\u0637\u0627\u0631 \u0627\u0644\u0639\u0644\u0645\u064a \u0627\u0644\u0623\u062d\u062f\u062b\u060c \u0648\u0625\u0646 \u0645\u0639\u062f\u0651\u0644\u0627\u062a \u0627\u0644\u062d\u0645\u0648\u0644 \u0644\u062f\u064a\u0646\u0627 \u0627\u0644\u0645\u0637\u0627\u0628\u0642\u0629 \u0644\u0644\u0645\u0639\u062f\u0644\u0627\u062a \u0627\u0644\u0639\u0627\u0644\u0645\u064a\u0629 \u0647\u064a \u0627\u0644\u062f\u0644\u064a\u0644 \u0639\u0644\u0649 \u0630\u0644\u0643.<\/strong><\/p><\/div><div dir=\"auto\">\u00a0<\/div><\/div><div class=\"o9v6fnle cxmmr5t8 oygrvhab hcukyx3x c1et5uql\"><div dir=\"auto\"><p><strong>\u0645\u0631\u0643\u0632 \u062a\u062e\u0635\u0635\u064a \u062c\u062f\u0627\u064b <\/strong><\/p>\u0625\u0641\u062a\u062a\u062d\u0646\u0627 \u0645\u0631\u0627\u0643\u0632\u0646\u0627 \u0627\u0644\u0623\u0631\u0628\u0639\u0629 \u0641\u064a \u063a\u0627\u0632\u064a \u0639\u0646\u062a\u0627\u0628 \u0648\u0633\u0645\u0633\u0648\u0646 \u0648\u0642\u0648\u0646\u064a\u0627 \u0648\u0637\u0631\u0627\u0628\u0644\u0633 \u0627\u0644\u063a\u0631\u0628 \u0641\u064a \u0644\u064a\u0628\u064a\u0627 \u0628\u0639\u062f \u0627\u0644\u0646\u062c\u0627\u062d \u0627\u0644\u0628\u0627\u0647\u0631 \u0648\u0627\u0644\u062a\u0634\u062c\u064a\u0639 \u0627\u0644\u0643\u0628\u064a\u0631 \u0645\u0646 \u0627\u0644\u0645\u0631\u0636\u0649 \u0627\u0644\u0645\u0639\u0627\u0644\u062c\u064a\u0646 \u0641\u064a \u0645\u0631\u0643\u0632\u0646\u0627 \u0627\u0644\u0623\u0648\u0644 \u0641\u064a \u0645\u062f\u064a\u0646\u0629 \u0642\u0648\u0646\u064a\u0627. \u0647\u062f\u0641\u0646\u0627 \u0641\u064a \u0645\u0631\u0643\u0632 \u0642\u0648\u0646\u064a\u0627 \u062a\u0623\u0645\u064a\u0646 \u062e\u062f\u0645\u0627\u062a \u0628\u0646\u0648\u0639\u064a\u0629 \u0639\u0627\u0644\u064a\u0629 \u0644\u0633\u0643\u0627\u0646 \u0642\u0648\u0646\u064a\u0627 \u0648\u0627\u0644\u0645\u062f\u0646 \u0627\u0644\u062a\u064a \u062d\u0648\u0644\u0647\u0627 \u062f\u0648\u0646 \u0627\u0644\u062d\u0627\u062c\u0629 \u0625\u0644\u0649 \u0627\u0644\u0625\u0628\u062a\u0639\u0627\u062f \u0639\u0646 \u0645\u0646\u0627\u0632\u0644\u0647\u0645 \u0648\u0623\u0645\u0627\u0643\u0646 \u0639\u0645\u0644\u0647\u0645. \u0648\u0628\u0645\u0639\u0646\u0649 \u0622\u062e\u0631 \u0623\u0646 \u0646\u0646\u0642\u0644 \u0627\u0644\u0646\u062c\u0627\u062d \u0627\u0644\u0645\u0634\u0647\u0648\u0631 \u0644\u0645\u0631\u0627\u0643\u0632 \u0646\u0648\u0641\u0627\u0641\u064a\u0631\u062a\u0644 \u0644\u0639\u0644\u0627\u062c \u0627\u0644\u0639\u0642\u0645 \u0644\u0642\u0631\u0628\u0643\u0645 \u0623\u064a\u0646\u0645\u0627 \u0643\u0646\u062a\u0645. \u0627\u0641\u062a\u062a\u062d\u062a \u0645\u062c\u0645\u0648\u0639\u0629 \u0646\u0648\u0641\u0627\u0641\u064a\u0631\u062a\u0644 \u0644\u0639\u0644\u0627\u062c \u0627\u0644\u0639\u0642\u0645 \u0627\u0644\u0645\u0631\u0643\u0632 \u0627\u0644\u062b\u0627\u0646\u064a \u0641\u064a \u0633\u0645\u0633\u0648\u0646 \u0628\u0639\u062f \u0645\u0631\u0643\u0632\u0647\u0627 \u0627\u0644\u0623\u0648\u0644 \u0641\u064a \u0642\u0648\u0646\u064a\u0627 \u0645\u0633\u062a\u062e\u062f\u0645\u0629\u064b \u0623\u0643\u062b\u0631 \u0627\u0644\u0648\u0633\u0627\u0626\u0644 \u0627\u0644\u062a\u0642\u0646\u064a\u0629 \u062a\u0642\u062f\u0645\u0627\u064b \u0641\u064a \u0627\u0644\u0639\u0627\u0644\u0645 \u0644\u0639\u0644\u0627\u062c \u0627\u0644\u0639\u0642\u0645 \u0648\u0628\u0647\u0630\u0627 \u0623\u0635\u0628\u062d \u0645\u0631\u0643\u0632\u0646\u0627 \u0641\u064a \u0642\u0648\u0646\u064a\u0627 \u0645\u0646 \u0623\u0636\u062e\u0645 \u0648\u0623\u0643\u062b\u0631 \u0627\u0644\u0645\u0631\u0627\u0643\u0632 \u062a\u0642\u062f\u0645\u0627\u064b \u0648\u0646\u062c\u0627\u062d\u0627\u064b \u0641\u064a \u0645\u0646\u0637\u0642\u0629 \u0642\u0644\u0628 \u0627\u0644\u0623\u0646\u0627\u0636\u0648\u0644<\/div><\/div><div dir=\"auto\">\u00a0<\/div><div dir=\"auto\">\u00a0<\/div><div dir=\"auto\"><p><strong>\u062a\u0643\u0627\u0644\u064a\u0641 \u0627\u0644\u0639\u0644\u0627\u062c<\/strong><\/p><p><strong>\u0646\u062d\u0646 \u0641\u064a \u0646\u0648\u0641\u0627\u0641\u064a\u0631\u062a\u0644 \u0646\u062d\u064a\u0637\u0643\u0645 \u0639\u0644\u0645\u0627\u064b \u0628\u0623\u0646\u0646\u0627 \u0646\u0642\u062f\u0651\u0645 \u0623\u0641\u0636\u0644 \u0645\u0627 \u0644\u062f\u064a\u0646\u0627 \u0644\u0646\u0642\u062f\u0645 \u0644\u0643\u0645 \u0639\u0644\u0627\u062c\u0627\u064b \u0646\u0627\u062c\u062d\u0627\u064b \u0648\u0628\u0623\u0642\u0644 \u0627\u0644\u062a\u0643\u0627\u0644\u064a\u0641 \u0627\u0644\u0645\u0645\u0643\u0646\u0629\u060c \u0641\u0644\u0627 \u064a\u062a\u0631\u062a\u0628 \u0639\u0644\u064a\u0643\u0645 \u0623\u062c\u0648\u0631 \u0625\u0636\u0627\u0641\u064a\u0629 \u0645\u0642\u0627\u0628\u0644 \u0627\u0644\u062a\u062d\u0627\u0644\u064a\u0644 \u0627\u0644\u0645\u062e\u0628\u0631\u064a\u0629 \u0648\u0627\u0644\u0641\u062d\u0648\u0635 \u0628\u0627\u0644\u0623\u0645\u0648\u0627\u062c \u0641\u0648\u0642 \u0627\u0644\u0635\u0648\u062a\u064a\u0629 \u0648\u0627\u0644\u062a\u062e\u062f\u064a\u0631\u060c\u0648\u0627\u0644\u0645\u0633\u062a\u062e\u062f\u0645\u0629 \u0623\u062b\u0646\u0627\u0621 \u0627\u0644\u0645\u0639\u0627\u0644\u062c\u0629. \u0648\u062a\u062d\u062f\u0651\u062f \u062a\u0643\u0627\u0644\u064a\u0641 \u0627\u0644\u0645\u0639\u0627\u0644\u062c\u0629 \u0643\u0645\u0627 \u0623\u0642\u0631\u062a\u0647\u0627 \u0627\u0644\u062d\u0643\u0648\u0645\u0629 \u0627\u0644\u062a\u0631\u0643\u064a\u0629 \u0641\u064a \u0644\u0648\u0627\u0626\u062d <\/strong><strong>SSI<\/strong><strong> .\u0643\u0645\u0627 \u0646\u0624\u0645\u0646 \u062e\u062f\u0645\u0629 \u062f\u0641\u0639 \u0627\u0644\u062a\u0643\u0627\u0644\u064a\u0641 \u0639\u0646 \u0637\u0631\u064a\u0642 \u0627\u0644\u0628\u0637\u0627\u0642\u0627\u062a \u0627\u0644\u0625\u0626\u062a\u0645\u0627\u0646\u064a\u0629 .<\/strong><\/p><\/div><div class=\"o9v6fnle cxmmr5t8 oygrvhab hcukyx3x c1et5uql\"><div dir=\"auto\">\u00a0<\/div><\/div><div class=\"o9v6fnle cxmmr5t8 oygrvhab hcukyx3x c1et5uql\"><div dir=\"auto\"><p>\u0627\u062c\u0639\u0644 \u0623\u062d\u0644\u0627\u0645\u0643 \u062d\u0642\u064a\u0642\u0629!<\/p><p>\u0639\u0632\u064a\u0632\u064a \u0623\u0628 \u0627\u0644\u0645\u0633\u062a\u0642\u0628\u0644 \u060c \u0639\u0632\u064a\u0632\u062a\u064a \u0623\u0645 \u0627\u0644\u0645\u0633\u062a\u0642\u0628\u0644 \u0641\u064a \u0643\u0644 \u0639\u0627\u0645 \u0646\u0645\u0646\u062d \u0627\u0644\u0633\u0639\u0627\u062f\u0629 \u0628\u0648\u062c\u0648\u062f \u0637\u0641\u0644 \u0644\u0645\u0626\u0627\u062a \u0627\u0644\u0623\u0632\u0648\u0627\u062c . \u0641\u0642\u062f \u062a\u0623\u0633\u0633\u062a \u0645\u062c\u0645\u0648\u0639\u0629 \u0646\u0648\u0641\u0627 \u0641\u064a\u0631\u062a\u0644 \u0641\u064a \u062a\u0631\u0643\u064a\u0627 \u0648\u0644\u064a\u0628\u064a\u0627 \u0645\u0646\u0630 12 \u0639\u0627\u0645\u0627\u064b \u0644\u062a\u0645\u0646\u062d\u0643\u0645 \u062e\u062f\u0645\u0629 \u0639\u0644\u0627\u062c \u0648\u062a\u0634\u062e\u064a\u0635 \u0627\u0644\u0639\u0642\u0645 \u0628\u0648\u0633\u0627\u0626\u0644 \u0627\u0644\u0625\u062e\u0635\u0627\u0628 \u0627\u0644\u0645\u0633\u0627\u0639\u062f\u0629 . \u0648\u0628\u0627\u062e\u062a\u064a\u0627\u0631\u0643\u0645 \u0645\u062c\u0645\u0648\u0639\u0629 \u0646\u0648\u0641\u0627\u0641\u064a\u0631\u062a\u0644 \u0641\u0642\u062f \u0627\u062e\u062a\u0631\u062a\u0645 \u0623\u0643\u062b\u0631 \u0627\u0644\u0645\u0631\u0627\u0643\u0632 \u062a\u062e\u0635\u0635\u0627\u064b \u0648\u0623\u0647\u0645\u064a\u0629 \u0641\u064a \u0623\u0648\u0631\u0648\u0628\u0627 \u0636\u0645\u0646 \u0639\u0644\u0627\u062c \u0627\u0644\u0639\u0642\u0645 \u0648\u0627\u0644\u0625\u062e\u0635\u0627\u0628 \u0627\u0644\u0645\u0633\u0627\u0639\u062f. \u0642\u062f\u0645\u062a \u0643\u0648\u0627\u062f\u0631\u0646\u0627 \u0645\u0646 \u0627\u0644\u0645\u062a\u062e\u0635\u0635\u064a\u0646 \u0641\u064a \u0639\u0644\u0627\u062c \u0627\u0644\u0639\u0642\u0645\u060c \u0648\u0623\u062e\u0635\u0627\u0626\u064a\u064a \u0627\u0644\u0623\u062c\u0646\u0629\u060c \u0648\u0623\u062e\u0635\u0627\u0626\u064a\u064a \u0627\u0644\u062c\u0631\u0627\u062d\u0629 \u0627\u0644\u0628\u0648\u0644\u064a\u0629 \u0648\u0627\u0644\u062a\u0645\u0631\u064a\u0636 \u0648\u0643\u0630\u0644\u0643 \u0627\u0644\u0623\u0637\u0628\u0627\u0621 \u0627\u0644\u0646\u0641\u0633\u064a\u064a\u0646 \u0644\u0645\u0633\u0627\u0639\u062f\u0629 \u0627\u0644\u0622\u0644\u0627\u0641 \u0645\u0646 \u0627\u0644\u0623\u0632\u0648\u0627\u062c \u0627\u0644\u0639\u0642\u064a\u0645\u064a\u0646 \u0645\u062b\u0644\u0643\u0645. \u0643\u0645\u0627 \u0646\u062d\u064a\u0637\u0643\u0645 \u0639\u0644\u0645\u0627\u064b \u0628\u0623\u0646\u0646\u0627 \u0646\u0642\u062f\u0645 \u0643\u0644 \u062e\u0628\u0631\u0627\u062a\u0646\u0627 \u0648\u0645\u0639\u0631\u0641\u062a\u0646\u0627 \u0641\u064a \u0633\u0628\u064a\u0644 \u0639\u0644\u0627\u062c\u0643\u0645. \u0641\u0646\u062d\u0646 \u0646\u062a\u0641\u0647\u0651\u0645 \u0635\u0639\u0648\u0628\u0629 \u0642\u0631\u0627\u0631\u0643\u0645 \u0641\u064a \u0639\u0644\u0627\u062c \u0627\u0644\u0642\u0639\u0645. \u0646\u0642\u062f\u0651\u0645 \u0644\u0643\u0645 \u0647\u0630\u0627 \u0627\u0644\u0645\u0648\u0642\u0639 \u0627\u0644\u0625\u0644\u0643\u062a\u0631\u0648\u0646\u064a \u0644\u0646\u0639\u0637\u064a\u0643\u0645 \u0627\u0644\u0645\u0639\u0644\u0648\u0645\u0627\u062a \u0627\u0644\u0643\u0627\u0641\u064a\u0629 \u062d\u0648\u0644 \u0648\u0633\u0627\u0626\u0644 \u0627\u0644\u0645\u0639\u0627\u0644\u062c\u0629 \u0641\u064a \u0645\u0631\u0627\u0643\u0632 \u0646\u0648\u0641\u0627\u0641\u064a\u0631\u062a\u0644 \u0644\u0639\u0644\u0627\u062c \u0627\u0644\u0639\u0642\u0645 \u0644\u0630\u0627 \u0646\u0631\u062c\u0648\u0643\u0645 \u0627\u0644\u0625\u0637\u0644\u0627\u0639 \u0628\u062a\u0645\u0639\u0651\u0646. \u0647\u062f\u0641\u0646\u0627 \u0641\u064a \u0647\u0630\u0627 \u0627\u0644\u0645\u0648\u0642\u0639 \u0623\u0646 \u062a\u0643\u0648\u0646\u0648\u0627 \u0639\u0644\u0649 \u0645\u0639\u0631\u0641\u0629 \u062a\u0627\u0645\u0629 \u062d\u0648\u0644 \u0627\u0644\u0625\u062c\u0631\u0627\u0621\u0627\u062a \u0627\u0644\u062a\u064a \u0633\u062a\u062c\u0631\u0649 \u0641\u064a \u0645\u0639\u0627\u0644\u062c\u062a\u0643\u0645 \u0644\u062a\u0634\u0639\u0631\u0648\u0627 \u0628\u0631\u0627\u062d\u0629 \u062a\u0627\u0645\u0629 \u0623\u062b\u0646\u0627\u0621 \u0627\u0644\u0645\u0639\u0627\u0644\u062c\u0629. \u0646\u062d\u0646 \u0641\u064a \u0645\u0631\u0627\u0643\u0632 \u0646\u0648\u0641\u0627\u0641\u064a\u0631\u062a\u0644 \u0646\u0642\u062f\u0651\u0645 \u0627\u0644\u0648\u0633\u0627\u0626\u0644 \u0627\u0644\u0623\u0643\u062b\u0631 \u0641\u0639\u0651\u0627\u0644\u064a\u0629 \u0648\u0627\u0644\u0623\u0643\u062b\u0631 \u062a\u0637\u0648\u0631\u0627\u064b \u0641\u064a \u0627\u0644\u0639\u0627\u0644\u0645 \u0644\u062e\u062f\u0645\u062a\u0643\u0645 \u0648\u0639\u0644\u0627\u062c\u0643\u0645.<\/p><\/div><\/div>\t\t\t\t\t\t<\/div>\n\t\t\t\t<\/div>\n\t\t\t\t\t<\/div>\n\t\t<\/div>\n\t\t\t\t<div class=\"elementor-column elementor-col-50 elementor-top-column elementor-element elementor-element-6b6f71c elementor-invisible\" data-id=\"6b6f71c\" data-element_type=\"column\" data-settings=\"{&quot;animation&quot;:&quot;zoomIn&quot;,&quot;background_background&quot;:&quot;classic&quot;}\">\n\t\t\t<div class=\"elementor-widget-wrap elementor-element-populated\">\n\t\t\t\t\t\t\t\t<div class=\"elementor-element elementor-element-17e7a49 elementor-widget elementor-widget-image\" data-id=\"17e7a49\" data-element_type=\"widget\" data-widget_type=\"image.default\">\n\t\t\t\t<div class=\"elementor-widget-container\">\n\t\t\t<style>\/*! elementor - v3.10.0 - 09-01-2023 *\/\n.elementor-widget-image{text-align:center}.elementor-widget-image a{display:inline-block}.elementor-widget-image a img[src$=\".svg\"]{width:48px}.elementor-widget-image img{vertical-align:middle;display:inline-block}<\/style>\t\t\t\t\t\t\t\t\t\t\t\t<img loading=\"lazy\" decoding=\"async\" width=\"503\" height=\"330\" src=\"https:\/\/novafertil.com\/ar\/wp-content\/uploads\/sites\/3\/2021\/08\/hakkimizda.png\" class=\"attachment-large size-large wp-image-3617\" alt=\"Nova Fertil T\u00fcp Bebek Merkezi\" srcset=\"https:\/\/novafertil.com\/ar\/wp-content\/uploads\/sites\/3\/2021\/08\/hakkimizda.png 503w, https:\/\/novafertil.com\/ar\/wp-content\/uploads\/sites\/3\/2021\/08\/hakkimizda-300x197.png 300w\" sizes=\"(max-width: 503px) 100vw, 503px\" \/>\t\t\t\t\t\t\t\t\t\t\t\t\t\t\t<\/div>\n\t\t\t\t<\/div>\n\t\t\t\t\t<\/div>\n\t\t<\/div>\n\t\t\t\t\t\t\t<\/div>\n\t\t<\/section>\n\t\t\t\t\t\t\t<\/div>\n\t\t","protected":false},"excerpt":{"rendered":"<p>\u0647\u062f\u0641\u0646\u0627 Novafertil Konya t\u00fcp bebek merkezi, \u00e7ocuk iste\u011fi ger\u00e7ekle\u015fmeyen \u00e7iftlerin tan\u0131 ve tedavisi amac\u0131yla kurulmu\u015f bir merkezdir. T\u00fcp bebek tedavisine ba\u015fvurmak isteyen \u00e7iftler g\u00f6n\u00fcl rahatl\u0131\u011f\u0131 ile t\u00fcp bebek merkezlerimizi ziyaret edebilir. \u0628\u062f\u0623 \u0627\u0644\u0639\u0645\u0644 \u0641\u064a \u0645\u0631\u0643\u0632 \u0642\u0648\u0646\u064a\u0627 \u0644\u0623\u0637\u0641\u0627\u0644 \u0627\u0644\u0623\u0646\u0627\u0628\u064a\u0628 \u0641\u064a \u0639\u0627\u0645 2009 . \u0648 \u0625\u0646\u0646\u0627 \u0646\u0642\u062f\u0645 \u062e\u062f\u0645\u0627\u062a\u0646\u0627 \u0641\u064a \u0645\u0631\u0643\u0632 \u0642\u0648\u0646\u064a\u0627 \u0628\u0627\u0644\u0625\u0636\u0627\u0641\u0629 \u0625\u0644\u0649 \u0628\u0627\u0642\u064a \u0645\u0631\u0627\u0643\u0632 \u0646\u0648\u0641\u0627 \u0641\u064a\u0631\u062a\u0644 [&hellip;]<\/p>\n","protected":false},"author":1,"featured_media":0,"parent":0,"menu_order":0,"comment_status":"closed","ping_status":"closed","template":"","meta":{"footnotes":""},"aioseo_notices":[],"_links":{"self":[{"href":"https:\/\/novafertil.com\/ar\/wp-json\/wp\/v2\/pages\/133"}],"collection":[{"href":"https:\/\/novafertil.com\/ar\/wp-json\/wp\/v2\/pages"}],"about":[{"href":"https:\/\/novafertil.com\/ar\/wp-json\/wp\/v2\/types\/page"}],"author":[{"embeddable":true,"href":"https:\/\/novafertil.com\/ar\/wp-json\/wp\/v2\/users\/1"}],"replies":[{"embeddable":true,"href":"https:\/\/novafertil.com\/ar\/wp-json\/wp\/v2\/comments?post=133"}],"version-history":[{"count":4,"href":"https:\/\/novafertil.com\/ar\/wp-json\/wp\/v2\/pages\/133\/revisions"}],"predecessor-version":[{"id":8029,"href":"https:\/\/novafertil.com\/ar\/wp-json\/wp\/v2\/pages\/133\/revisions\/8029"}],"wp:attachment":[{"href":"https:\/\/novafertil.com\/ar\/wp-json\/wp\/v2\/media?parent=133"}],"curies":[{"name":"wp","href":"https:\/\/api.w.org\/{rel}","templated":true}]}}